{"id":5400,"date":"2024-06-11T16:53:52","date_gmt":"2024-06-11T14:53:52","guid":{"rendered":"https:\/\/seniordrive.ch\/a-propos-de-nous\/"},"modified":"2025-02-05T15:13:33","modified_gmt":"2025-02-05T14:13:33","slug":"a-propos-de-nous","status":"publish","type":"page","link":"https:\/\/seniordrive.ch\/fr\/a-propos-de-nous\/","title":{"rendered":"\u00c0 propos de nous"},"content":{"rendered":"<div class=\"wpb-content-wrapper\"><p>[vc_row visibility=\u00a0\u00bbhidden-xs,visible-sm,visible-md,visible-lg,visible-xlg\u00a0\u00bb][vc_column][vc_custom_heading text=\u00a0\u00bbSeniordrive &#8211; qui sommes-nous\u00a0\u00bb font_container=\u00a0\u00bbtag:h1|font_size:60|text_align:center|color:%23000000&Prime; use_theme_fonts=\u00a0\u00bbyes\u00a0\u00bb css=\u00a0\u00bb.vc_custom_1684139318347{margin-top: 0px !important;padding-top: 40px !important;}\u00a0\u00bb][\/vc_column][\/vc_row][vc_row visibility=\u00a0\u00bbhidden-xs,visible-sm,visible-md,visible-lg,visible-xlg\u00a0\u00bb][vc_column][vc_column_text]<\/p>\n<h2>Seniordrive est une organisation qui s&rsquo;engage en faveur de la s\u00e9curit\u00e9 routi\u00e8re. L&rsquo;accent est mis sur la formation et le perfectionnement des seniors sur la route.<\/h2>\n<p>[\/vc_column_text][vc_column_text]Seniordrive est actif dans le domaine de la s\u00e9curit\u00e9 routi\u00e8re et s&rsquo;engage en particulier pour une mobilit\u00e9 s\u00fbre et comp\u00e9tente des automobilistes d&rsquo;\u00e2ge m\u00fbr. Seniordrive forme des moniteurs de conduite \u00e0 des Seniordrive Coaches former des conducteurs. Pour ce faire, Seniordrive travaille en collaboration avec des m\u00e9decins, des cliniques, des compagnies d&rsquo;assurance, des autorit\u00e9s et d&rsquo;autres institutions.  <\/p>\n<p>Suite \u00e0 la transformation de l&rsquo;Association suisse des conseillers de conduite en Seniordrive, Seniordrive s&rsquo;est associ\u00e9 \u00e0 <a href=\"https:\/\/swissdrive.ch\/\" target=\"_blank\" rel=\"noopener\">Swissdrive<\/a> afin d&rsquo;utiliser la plateforme de communication de Swissdrive et de profiter de la notori\u00e9t\u00e9 de Swissdrive.<\/p>\n<p>Swissdrive coordonne, en tant que centre de comp\u00e9tence, les th\u00e8mes cl\u00e9s de la s\u00e9curit\u00e9 routi\u00e8re et de la mobilit\u00e9 en ce qui concerne l&rsquo;\u00e9ducation et la formation des usagers de la route. Swissdrive r\u00e9unit ainsi de nombreuses forces de la s\u00e9curit\u00e9 routi\u00e8re et donne ainsi aux pr\u00e9occupations centrales la voix n\u00e9cessaire.  La vision est d&rsquo;\u00eatre, d&rsquo;une seule voix, la force motrice dans les questions de circulation, de pr\u00e9vention et de formation \u00e0 la conduite. Des strat\u00e9gies visionnaires visant \u00e0 am\u00e9liorer la s\u00e9curit\u00e9 routi\u00e8re peuvent \u00eatre mises en \u0153uvre gr\u00e2ce \u00e0 un r\u00e9seau de \u00ab\u00a0covoiturage\u00a0\u00bb comp\u00e9tent.[\/vc_column_text][\/vc_column][\/vc_row][vc_row visibility=\u00a0\u00bbhidden-xs,visible-sm,visible-md,visible-lg,visible-xlg\u00a0\u00bb][vc_column][vc_custom_heading text=\u00a0\u00bbConseil d&rsquo;administration Seniordrive\u00a0\u00bb font_container=\u00a0\u00bbtag:h1|font_size:60|text_align:center|color:%23000000&Prime; use_theme_fonts=\u00a0\u00bbyes\u00a0\u00bb css=\u00a0\u00bb.vc_custom_1619099347862{margin-top: 0px !important;padding-top: 40px !important;}\u00a0\u00bb][\/vc_column][\/vc_row][vc_row gap=\u00a0\u00bb35&Prime; content_placement=\u00a0\u00bbtop\u00a0\u00bb text_color=\u00a0\u00bb#000000&Prime;][vc_column width=\u00a0\u00bb1\/3&Prime;][vc_single_image image=\u00a0\u00bb5326&Prime; img_size=\u00a0\u00bbmedium\u00a0\u00bb alignment=\u00a0\u00bbcenter\u00a0\u00bb][vc_column_text text_color=\u00a0\u00bb#000000&Prime;]<\/p>\n<h3 style=\"text-align: center;\"><strong>Toni Kalberer<\/strong><\/h3>\n<p style=\"text-align: center;\">Pr\u00e9sident<br \/>Seniordrive Coach<\/p>\n<p style=\"text-align: center;\">+41 79 355 15 55<br \/><a href=\"mailto:toni.kalberer@seniordrive.ch\">toni.kalberer@seniordrive.ch<\/a>[\/vc_column_text][vc_column_text css=\u00a0\u00bb.vc_custom_1632317677489{margin-top: -5px !important;margin-bottom: 15px !important;}\u00a0\u00bb]<\/p>\n<p style=\"text-align: center;\">Moniteur de conduite pour voiture, remorque, taxi et moto<\/p>\n<p>[\/vc_column_text][\/vc_column][vc_column width=\u00a0\u00bb1\/3&Prime;][vc_single_image image=\u00a0\u00bb5885&Prime; img_size=\u00a0\u00bbmedium\u00a0\u00bb alignment=\u00a0\u00bbcenter\u00a0\u00bb][vc_column_text text_color=\u00a0\u00bb#000000&Prime;]<\/p>\n<h3 style=\"text-align: center;\"><strong>Andy Schwendener<\/strong><\/h3>\n<p style=\"text-align: center;\">Vice-pr\u00e9sident<br \/>Seniordrive Coach<\/p>\n<p style=\"text-align: center;\">+41 78 805 01 95<br \/><a href=\"mailto:andy.schwendener@seniordrive.ch\">andy.schwendener@seniordrive.ch<\/a>[\/vc_column_text][vc_column_text css=\u00a0\u00bb.vc_custom_1707388023069{margin-top: -5px !important;margin-bottom: 15px !important;}\u00a0\u00bb]<\/p>\n<p style=\"text-align: center;\">Moniteur de conduite voiture et personne \u00e0 mobilit\u00e9 r\u00e9duite<\/p>\n<p>[\/vc_column_text][\/vc_column][vc_column width=\u00a0\u00bb1\/3&Prime;][vc_single_image image=\u00a0\u00bb5492&Prime; img_size=\u00a0\u00bbmedium\u00a0\u00bb alignment=\u00a0\u00bbcenter\u00a0\u00bb][vc_column_text text_color=\u00a0\u00bb#000000&Prime;]<\/p>\n<h3 style=\"text-align: center;\"><strong>Jean-Pierre Koch<\/strong><\/h3>\n<p style=\"text-align: center;\">Directeur de l&rsquo;\u00e9ducation et de la formation<br \/>Directeur de projets<br \/>Seniordrive Coach<\/p>\n<p style=\"text-align: center;\">+41 79 288 18 07<br \/><a href=\"mailto:jean-pierre.koch@seniordrive.ch\">jean-pierre.koch@seniordrive.ch<\/a>[\/vc_column_text][vc_column_text css=\u00a0\u00bb.vc_custom_1707917295190{margin-top: -5px !important;margin-bottom: 15px !important;}\u00a0\u00bb]<\/p>\n<p style=\"text-align: center;\">Moniteur de conduite pour voiture, remorque et moto, mod\u00e9rateur 2\u00e8me phase , instructeur de s\u00e9curit\u00e9 routi\u00e8re<\/p>\n<p>[\/vc_column_text][\/vc_column][\/vc_row][vc_row gap=\u00a0\u00bb30&Prime; content_placement=\u00a0\u00bbtop\u00a0\u00bb text_color=\u00a0\u00bb#000000&Prime; padding_bottom=\u00a0\u00bb80&Prime;][vc_column width=\u00a0\u00bb1\/3&Prime;][vc_single_image image=\u00a0\u00bb5483&Prime; img_size=\u00a0\u00bbmedium\u00a0\u00bb alignment=\u00a0\u00bbcenter\u00a0\u00bb][vc_column_text text_color=\u00a0\u00bb#000000&Prime;]<\/p>\n<h3 style=\"text-align: center;\"><strong>S\u00e9bastien Tombez<\/strong><\/h3>\n<p style=\"text-align: center;\">Directeur Seniordrive Romandie<br \/>Seniordrive Coach<\/p>\n<p style=\"text-align: center;\">+41 79 634 54 87<br \/><a href=\"mailto:sebastien.tombez@seniordrive.ch\">sebastien.tombez@seniordrive.ch<\/a>[\/vc_column_text][vc_column_text css=\u00a0\u00bb.vc_custom_1707388047660{margin-top: -5px !important;margin-bottom: 15px !important;}\u00a0\u00bb]<\/p>\n<p style=\"text-align: center;\">Moniteur de conduite voiture et personne \u00e0 mobilit\u00e9 r\u00e9duite<\/p>\n<p>[\/vc_column_text][\/vc_column][vc_column width=\u00a0\u00bb1\/3&Prime;][vc_single_image image=\u00a0\u00bb5485&Prime; img_size=\u00a0\u00bbmedium\u00a0\u00bb alignment=\u00a0\u00bbcenter\u00a0\u00bb][vc_column_text text_color=\u00a0\u00bb#000000&Prime;]<\/p>\n<h3 style=\"text-align: center;\"><strong>Hansj\u00fcrg Gafner<\/strong><\/h3>\n<p style=\"text-align: center;\">Directeur de la comptabilit\u00e9 et de la boutique<br \/>Seniordrive Coach<\/p>\n<p style=\"text-align: center;\">+41 79 301 96 49<br \/><a href=\"mailto:hansjuerg.gafner@seniordrive.ch\">hansjuerg.gafner@seniordrive.ch<\/a>[\/vc_column_text][vc_column_text css=\u00a0\u00bb.vc_custom_1707725640391{margin-top: -5px !important;margin-bottom: 15px !important;}\u00a0\u00bb]<\/p>\n<p style=\"text-align: center;\">Moniteur de conduite pour voiture, personne \u00e0 mobilit\u00e9 r\u00e9duite et moto<\/p>\n<p>[\/vc_column_text][\/vc_column][vc_column width=\u00a0\u00bb1\/3&Prime;][vc_single_image image=\u00a0\u00bb5328&Prime; img_size=\u00a0\u00bbmedium\u00a0\u00bb alignment=\u00a0\u00bbcenter\u00a0\u00bb][vc_column_text]<\/p>\n<h3 style=\"text-align: center;\"><strong>Daniel Menzi<\/strong><\/h3>\n<p style=\"text-align: center;\">Directeur de la communication<br \/>Seniordrive Coach<\/p>\n<p style=\"text-align: center;\">+41 79 200 99 77<br \/><a href=\"mailto:daniel.menzi@seniordrive.ch\">daniel.menzi@seniordrive.ch<\/a>[\/vc_column_text][vc_column_text]<\/p>\n<p style=\"text-align: center;\">Sp\u00e9cialiste en communication, instructeur de s\u00e9curit\u00e9 routi\u00e8re, mod\u00e9rateur 2\u00e8me phase, moniteur de conduite automobile<\/p>\n<p>[\/vc_column_text][\/vc_column][\/vc_row][vc_row visibility=\u00a0\u00bbhidden-sm,hidden-md,hidden-lg,hidden-xlg,visible-xs\u00a0\u00bb][vc_column][vc_custom_heading text=\u00a0\u00bb\u00c0 propos de notre association\u00a0\u00bb font_container=\u00a0\u00bbtag:h1|font_size:50|text_align:center|color:%23000000&Prime; use_theme_fonts=\u00a0\u00bbyes\u00a0\u00bb css=\u00a0\u00bb.vc_custom_1626168050359{margin-top: 0px !important;padding-top: 40px !important;}\u00a0\u00bb][\/vc_column][\/vc_row][vc_row gap=\u00a0\u00bb35&Prime; content_placement=\u00a0\u00bbmiddle\u00a0\u00bb text_align=\u00a0\u00bbcenter\u00a0\u00bb text_color=\u00a0\u00bb#000000&Prime; visibility=\u00a0\u00bbhidden-xs,hidden-sm,hidden-md,hidden-lg,hidden-xlg,visible-xs,visible-sm,visible-md,visible-lg,visible-xlg\u00a0\u00bb][vc_column][vc_single_image image=\u00a0\u00bb3920&Prime; alignment=\u00a0\u00bbcenter\u00a0\u00bb]<a class=\"btn btn-primary btn-lg\" href=\"https:\/\/seniordrive.ch\/wp-content\/uploads\/2023\/03\/Statuten-22.06.2022.pdf\" target=\"_blank\">T\u00e9l\u00e9charger la liste des membres au format PDF<\/a>[\/vc_column][\/vc_row][vc_row type=\u00a0\u00bbimage\u00a0\u00bb bg_position_horizontal=\u00a0\u00bbright\u00a0\u00bb enable_parallax=\u00a0\u00bbfalse\u00a0\u00bb fixed_height=\u00a0\u00bb250&Prime; bg_image=\u00a0\u00bb3643&Prime;][vc_column][\/vc_column][\/vc_row]<\/p>\n<\/div>","protected":false},"excerpt":{"rendered":"<p>[vc_row visibility=\u00a0\u00bbhidden-xs,visible-sm,visible-md,visible-lg,visible-xlg\u00a0\u00bb][vc_column][vc_custom_heading text=\u00a0\u00bbSeniordrive &#8211; qui sommes-nous\u00a0\u00bb font_container=\u00a0\u00bbtag:h1|font_size:60|text_align:center|color:%23000000&Prime; use_theme_fonts=\u00a0\u00bbyes\u00a0\u00bb css=\u00a0\u00bb.vc_custom_1684139318347{margin-top: 0px !important;padding-top: 40px !important;}\u00a0\u00bb][\/vc_column][\/vc_row][vc_row visibility=\u00a0\u00bbhidden-xs,visible-sm,visible-md,visible-lg,visible-xlg\u00a0\u00bb][vc_column][vc_column_text] Seniordrive est une organisation qui s&rsquo;engage en faveur de la s\u00e9curit\u00e9 routi\u00e8re. L&rsquo;accent est mis sur la formation et le perfectionnement des seniors sur la route. [\/vc_column_text][vc_column_text]Seniordrive est actif dans le domaine de la s\u00e9curit\u00e9 routi\u00e8re et s&rsquo;engage en particulier pour une mobilit\u00e9 s\u00fbre et comp\u00e9tente [&hellip;]<\/p>\n","protected":false},"author":1,"featured_media":0,"parent":0,"menu_order":0,"comment_status":"closed","ping_status":"closed","template":"","meta":{"footnotes":""},"class_list":["post-5400","page","type-page","status-publish","hentry"],"yoast_head":"<!-- This site is optimized with the Yoast SEO plugin v25.9 - https:\/\/yoast.com\/wordpress\/plugins\/seo\/ -->\n<title>\u00c0 propos de nous - Seniordrive<\/title>\n<meta name=\"robots\" content=\"index, follow, max-snippet:-1, max-image-preview:large, max-video-preview:-1\" \/>\n<link rel=\"canonical\" href=\"https:\/\/seniordrive.ch\/fr\/a-propos-de-nous\/\" \/>\n<meta property=\"og:locale\" content=\"fr_FR\" \/>\n<meta property=\"og:type\" content=\"article\" \/>\n<meta property=\"og:title\" content=\"\u00c0 propos de nous - Seniordrive\" \/>\n<meta property=\"og:description\" content=\"[vc_row visibility=\u00a0\u00bbhidden-xs,visible-sm,visible-md,visible-lg,visible-xlg\u00a0\u00bb][vc_column][vc_custom_heading text=\u00a0\u00bbSeniordrive &#8211; qui sommes-nous\u00a0\u00bb font_container=\u00a0\u00bbtag:h1|font_size:60|text_align:center|color:%23000000&Prime; use_theme_fonts=\u00a0\u00bbyes\u00a0\u00bb css=\u00a0\u00bb.vc_custom_1684139318347{margin-top: 0px !important;padding-top: 40px !important;}\u00a0\u00bb][\/vc_column][\/vc_row][vc_row visibility=\u00a0\u00bbhidden-xs,visible-sm,visible-md,visible-lg,visible-xlg\u00a0\u00bb][vc_column][vc_column_text] Seniordrive est une organisation qui s&rsquo;engage en faveur de la s\u00e9curit\u00e9 routi\u00e8re. L&rsquo;accent est mis sur la formation et le perfectionnement des seniors sur la route. [\/vc_column_text][vc_column_text]Seniordrive est actif dans le domaine de la s\u00e9curit\u00e9 routi\u00e8re et s&rsquo;engage en particulier pour une mobilit\u00e9 s\u00fbre et comp\u00e9tente [&hellip;]\" \/>\n<meta property=\"og:url\" content=\"https:\/\/seniordrive.ch\/fr\/a-propos-de-nous\/\" \/>\n<meta property=\"og:site_name\" content=\"Seniordrive\" \/>\n<meta property=\"article:modified_time\" content=\"2025-02-05T14:13:33+00:00\" \/>\n<meta name=\"twitter:card\" content=\"summary_large_image\" \/>\n<meta name=\"twitter:label1\" content=\"Dur\u00e9e de lecture estim\u00e9e\" \/>\n\t<meta name=\"twitter:data1\" content=\"4 minutes\" \/>\n<script type=\"application\/ld+json\" class=\"yoast-schema-graph\">{\"@context\":\"https:\/\/schema.org\",\"@graph\":[{\"@type\":\"WebPage\",\"@id\":\"https:\/\/seniordrive.ch\/fr\/a-propos-de-nous\/\",\"url\":\"https:\/\/seniordrive.ch\/fr\/a-propos-de-nous\/\",\"name\":\"\u00c0 propos de nous - Seniordrive\",\"isPartOf\":{\"@id\":\"https:\/\/seniordrive.ch\/#website\"},\"datePublished\":\"2024-06-11T14:53:52+00:00\",\"dateModified\":\"2025-02-05T14:13:33+00:00\",\"breadcrumb\":{\"@id\":\"https:\/\/seniordrive.ch\/fr\/a-propos-de-nous\/#breadcrumb\"},\"inLanguage\":\"fr-FR\",\"potentialAction\":[{\"@type\":\"ReadAction\",\"target\":[\"https:\/\/seniordrive.ch\/fr\/a-propos-de-nous\/\"]}]},{\"@type\":\"BreadcrumbList\",\"@id\":\"https:\/\/seniordrive.ch\/fr\/a-propos-de-nous\/#breadcrumb\",\"itemListElement\":[{\"@type\":\"ListItem\",\"position\":1,\"name\":\"Startseite\",\"item\":\"https:\/\/seniordrive.ch\/fr\/\"},{\"@type\":\"ListItem\",\"position\":2,\"name\":\"\u00c0 propos de nous\"}]},{\"@type\":\"WebSite\",\"@id\":\"https:\/\/seniordrive.ch\/#website\",\"url\":\"https:\/\/seniordrive.ch\/\",\"name\":\"Seniordrive\",\"description\":\"Sicher mobil - auch im Alter\",\"potentialAction\":[{\"@type\":\"SearchAction\",\"target\":{\"@type\":\"EntryPoint\",\"urlTemplate\":\"https:\/\/seniordrive.ch\/?s={search_term_string}\"},\"query-input\":{\"@type\":\"PropertyValueSpecification\",\"valueRequired\":true,\"valueName\":\"search_term_string\"}}],\"inLanguage\":\"fr-FR\"}]}<\/script>\n<!-- \/ Yoast SEO plugin. -->","yoast_head_json":{"title":"\u00c0 propos de nous - Seniordrive","robots":{"index":"index","follow":"follow","max-snippet":"max-snippet:-1","max-image-preview":"max-image-preview:large","max-video-preview":"max-video-preview:-1"},"canonical":"https:\/\/seniordrive.ch\/fr\/a-propos-de-nous\/","og_locale":"fr_FR","og_type":"article","og_title":"\u00c0 propos de nous - Seniordrive","og_description":"[vc_row visibility=\u00a0\u00bbhidden-xs,visible-sm,visible-md,visible-lg,visible-xlg\u00a0\u00bb][vc_column][vc_custom_heading text=\u00a0\u00bbSeniordrive &#8211; qui sommes-nous\u00a0\u00bb font_container=\u00a0\u00bbtag:h1|font_size:60|text_align:center|color:%23000000&Prime; use_theme_fonts=\u00a0\u00bbyes\u00a0\u00bb css=\u00a0\u00bb.vc_custom_1684139318347{margin-top: 0px !important;padding-top: 40px !important;}\u00a0\u00bb][\/vc_column][\/vc_row][vc_row visibility=\u00a0\u00bbhidden-xs,visible-sm,visible-md,visible-lg,visible-xlg\u00a0\u00bb][vc_column][vc_column_text] Seniordrive est une organisation qui s&rsquo;engage en faveur de la s\u00e9curit\u00e9 routi\u00e8re. L&rsquo;accent est mis sur la formation et le perfectionnement des seniors sur la route. [\/vc_column_text][vc_column_text]Seniordrive est actif dans le domaine de la s\u00e9curit\u00e9 routi\u00e8re et s&rsquo;engage en particulier pour une mobilit\u00e9 s\u00fbre et comp\u00e9tente [&hellip;]","og_url":"https:\/\/seniordrive.ch\/fr\/a-propos-de-nous\/","og_site_name":"Seniordrive","article_modified_time":"2025-02-05T14:13:33+00:00","twitter_card":"summary_large_image","twitter_misc":{"Dur\u00e9e de lecture estim\u00e9e":"4 minutes"},"schema":{"@context":"https:\/\/schema.org","@graph":[{"@type":"WebPage","@id":"https:\/\/seniordrive.ch\/fr\/a-propos-de-nous\/","url":"https:\/\/seniordrive.ch\/fr\/a-propos-de-nous\/","name":"\u00c0 propos de nous - Seniordrive","isPartOf":{"@id":"https:\/\/seniordrive.ch\/#website"},"datePublished":"2024-06-11T14:53:52+00:00","dateModified":"2025-02-05T14:13:33+00:00","breadcrumb":{"@id":"https:\/\/seniordrive.ch\/fr\/a-propos-de-nous\/#breadcrumb"},"inLanguage":"fr-FR","potentialAction":[{"@type":"ReadAction","target":["https:\/\/seniordrive.ch\/fr\/a-propos-de-nous\/"]}]},{"@type":"BreadcrumbList","@id":"https:\/\/seniordrive.ch\/fr\/a-propos-de-nous\/#breadcrumb","itemListElement":[{"@type":"ListItem","position":1,"name":"Startseite","item":"https:\/\/seniordrive.ch\/fr\/"},{"@type":"ListItem","position":2,"name":"\u00c0 propos de nous"}]},{"@type":"WebSite","@id":"https:\/\/seniordrive.ch\/#website","url":"https:\/\/seniordrive.ch\/","name":"Seniordrive","description":"Sicher mobil - auch im Alter","potentialAction":[{"@type":"SearchAction","target":{"@type":"EntryPoint","urlTemplate":"https:\/\/seniordrive.ch\/?s={search_term_string}"},"query-input":{"@type":"PropertyValueSpecification","valueRequired":true,"valueName":"search_term_string"}}],"inLanguage":"fr-FR"}]}},"_links":{"self":[{"href":"https:\/\/seniordrive.ch\/fr\/wp-json\/wp\/v2\/pages\/5400","targetHints":{"allow":["GET"]}}],"collection":[{"href":"https:\/\/seniordrive.ch\/fr\/wp-json\/wp\/v2\/pages"}],"about":[{"href":"https:\/\/seniordrive.ch\/fr\/wp-json\/wp\/v2\/types\/page"}],"author":[{"embeddable":true,"href":"https:\/\/seniordrive.ch\/fr\/wp-json\/wp\/v2\/users\/1"}],"replies":[{"embeddable":true,"href":"https:\/\/seniordrive.ch\/fr\/wp-json\/wp\/v2\/comments?post=5400"}],"version-history":[{"count":3,"href":"https:\/\/seniordrive.ch\/fr\/wp-json\/wp\/v2\/pages\/5400\/revisions"}],"predecessor-version":[{"id":5889,"href":"https:\/\/seniordrive.ch\/fr\/wp-json\/wp\/v2\/pages\/5400\/revisions\/5889"}],"wp:attachment":[{"href":"https:\/\/seniordrive.ch\/fr\/wp-json\/wp\/v2\/media?parent=5400"}],"curies":[{"name":"wp","href":"https:\/\/api.w.org\/{rel}","templated":true}]}}