{"id":5408,"date":"2024-06-11T17:01:26","date_gmt":"2024-06-11T15:01:26","guid":{"rendered":"https:\/\/seniordrive.ch\/formation-et-perfectionnement\/"},"modified":"2024-07-11T16:09:58","modified_gmt":"2024-07-11T14:09:58","slug":"formation-et-perfectionnement","status":"publish","type":"page","link":"https:\/\/seniordrive.ch\/fr\/formation-et-perfectionnement\/","title":{"rendered":"Formation et perfectionnement"},"content":{"rendered":"<div class=\"wpb-content-wrapper\"><p>[vc_row][vc_column][vc_custom_heading text=\u00a0\u00bbFormation et perfectionnement\u00a0\u00bb font_container=\u00a0\u00bbtag:h1|font_size:60|text_align:center|color:%23000000&Prime; use_theme_fonts=\u00a0\u00bbyes\u00a0\u00bb css=\u00a0\u00bb.vc_custom_1684140381266{margin-top: 0px !important;padding-top: 40px !important;}\u00a0\u00bb][\/vc_column][\/vc_row][vc_row][vc_column][vc_column_text]Seniordrive propose diverses formations et perfectionnements pour les moniteurs de conduite. Ces formations et perfectionnements sont reconnus par l&rsquo;ASA et sont donc pris en compte dans la formation continue obligatoire des moniteurs de conduite.[\/vc_column_text][\/vc_column][\/vc_row][vc_row][vc_column][vc_row_inner css=\u00a0\u00bb.vc_custom_1684332078077{margin-top: 20px !important;margin-bottom: 40px !important;padding-top: 40px !important;padding-right: 40px !important;padding-bottom: 40px !important;padding-left: 40px !important;background-color: #ededed !important;}\u00a0\u00bb][vc_column_inner][vc_custom_heading text=\u00a0\u00bbFormations continues\u00a0\u00bb font_container=\u00a0\u00bbtag:h2|font_size:40|text_align:left\u00a0\u00bb use_theme_fonts=\u00a0\u00bbyes\u00a0\u00bb][vc_column_text]<\/p>\n<h4>Toutes les formations et perfectionnements de Seniordrive peuvent \u00eatre suivis sous forme de journ\u00e9es de cours individuelles. Les formations et perfectionnements sont reconnus par l&rsquo;ASA et sont donc pris en compte dans la formation continue obligatoire des moniteurs de conduite. Pour les formations de Seniordrive, comme par exemple la formation de coach Seniordrive, il faut en g\u00e9n\u00e9ral suivre plusieurs de ces cours qui se terminent par un examen. Vous trouverez les descriptions d\u00e9taill\u00e9es de ces formations sur les pages correspondantes.<\/h4>\n<p>[\/vc_column_text]<div class=\"text-right\"><a class=\"btn btn-primary\" href=\"https:\/\/seniordrive.ch\/weiterbildungen\/\">En savoir plus<\/a><\/div>[\/vc_column_inner][\/vc_row_inner][vc_row_inner css=\u00a0\u00bb.vc_custom_1684332078077{margin-top: 20px !important;margin-bottom: 40px !important;padding-top: 40px !important;padding-right: 40px !important;padding-bottom: 40px !important;padding-left: 40px !important;background-color: #ededed !important;}\u00a0\u00bb][vc_column_inner][vc_custom_heading text=\u00a0\u00bbDevenir coach seniordrive\u00a0\u00bb font_container=\u00a0\u00bbtag:h2|font_size:40|text_align:left\u00a0\u00bb use_theme_fonts=\u00a0\u00bbyes\u00a0\u00bb]<div class=\"text-right\"><a class=\"btn btn-primary\" href=\"https:\/\/seniordrive.ch\/seniordrive-coach-werden\/\">En savoir plus<\/a><\/div>[\/vc_column_inner][\/vc_row_inner][\/vc_column][\/vc_row][vc_row type=\u00a0\u00bbimage\u00a0\u00bb bg_position=\u00a0\u00bbbottom\u00a0\u00bb enable_parallax=\u00a0\u00bbfalse\u00a0\u00bb fixed_height=\u00a0\u00bb250&Prime; bg_image=\u00a0\u00bb3643&Prime;][vc_column][\/vc_column][\/vc_row]<\/p>\n<\/div>","protected":false},"excerpt":{"rendered":"<p>[vc_row][vc_column][vc_custom_heading text=\u00a0\u00bbFormation et perfectionnement\u00a0\u00bb font_container=\u00a0\u00bbtag:h1|font_size:60|text_align:center|color:%23000000&Prime; use_theme_fonts=\u00a0\u00bbyes\u00a0\u00bb css=\u00a0\u00bb.vc_custom_1684140381266{margin-top: 0px !important;padding-top: 40px !important;}\u00a0\u00bb][\/vc_column][\/vc_row][vc_row][vc_column][vc_column_text]Seniordrive propose diverses formations et perfectionnements pour les moniteurs de conduite. Ces formations et perfectionnements sont reconnus par l&rsquo;ASA et sont donc pris en compte dans la formation continue obligatoire des moniteurs de conduite.[\/vc_column_text][\/vc_column][\/vc_row][vc_row][vc_column][vc_row_inner css=\u00a0\u00bb.vc_custom_1684332078077{margin-top: 20px !important;margin-bottom: 40px !important;padding-top: 40px !important;padding-right: 40px !important;padding-bottom: 40px !important;padding-left: 40px !important;background-color: #ededed !important;}\u00a0\u00bb][vc_column_inner][vc_custom_heading text=\u00a0\u00bbFormations [&hellip;]<\/p>\n","protected":false},"author":1,"featured_media":0,"parent":0,"menu_order":0,"comment_status":"closed","ping_status":"closed","template":"","meta":{"footnotes":""},"class_list":["post-5408","page","type-page","status-publish","hentry"],"yoast_head":"<!-- This site is optimized with the Yoast SEO plugin v25.9 - https:\/\/yoast.com\/wordpress\/plugins\/seo\/ -->\n<title>Formation et perfectionnement - Seniordrive<\/title>\n<meta name=\"robots\" content=\"index, follow, max-snippet:-1, max-image-preview:large, max-video-preview:-1\" \/>\n<link rel=\"canonical\" href=\"https:\/\/seniordrive.ch\/fr\/formation-et-perfectionnement\/\" \/>\n<meta property=\"og:locale\" content=\"fr_FR\" \/>\n<meta property=\"og:type\" content=\"article\" \/>\n<meta property=\"og:title\" content=\"Formation et perfectionnement - Seniordrive\" \/>\n<meta property=\"og:description\" content=\"[vc_row][vc_column][vc_custom_heading text=\u00a0\u00bbFormation et perfectionnement\u00a0\u00bb font_container=\u00a0\u00bbtag:h1|font_size:60|text_align:center|color:%23000000&Prime; use_theme_fonts=\u00a0\u00bbyes\u00a0\u00bb css=\u00a0\u00bb.vc_custom_1684140381266{margin-top: 0px !important;padding-top: 40px !important;}\u00a0\u00bb][\/vc_column][\/vc_row][vc_row][vc_column][vc_column_text]Seniordrive propose diverses formations et perfectionnements pour les moniteurs de conduite. Ces formations et perfectionnements sont reconnus par l&rsquo;ASA et sont donc pris en compte dans la formation continue obligatoire des moniteurs de conduite.[\/vc_column_text][\/vc_column][\/vc_row][vc_row][vc_column][vc_row_inner css=\u00a0\u00bb.vc_custom_1684332078077{margin-top: 20px !important;margin-bottom: 40px !important;padding-top: 40px !important;padding-right: 40px !important;padding-bottom: 40px !important;padding-left: 40px !important;background-color: #ededed !important;}\u00a0\u00bb][vc_column_inner][vc_custom_heading text=\u00a0\u00bbFormations [&hellip;]\" \/>\n<meta property=\"og:url\" content=\"https:\/\/seniordrive.ch\/fr\/formation-et-perfectionnement\/\" \/>\n<meta property=\"og:site_name\" content=\"Seniordrive\" \/>\n<meta property=\"article:modified_time\" content=\"2024-07-11T14:09:58+00:00\" \/>\n<meta name=\"twitter:card\" content=\"summary_large_image\" \/>\n<meta name=\"twitter:label1\" content=\"Dur\u00e9e de lecture estim\u00e9e\" \/>\n\t<meta name=\"twitter:data1\" content=\"2 minutes\" \/>\n<script type=\"application\/ld+json\" class=\"yoast-schema-graph\">{\"@context\":\"https:\/\/schema.org\",\"@graph\":[{\"@type\":\"WebPage\",\"@id\":\"https:\/\/seniordrive.ch\/fr\/formation-et-perfectionnement\/\",\"url\":\"https:\/\/seniordrive.ch\/fr\/formation-et-perfectionnement\/\",\"name\":\"Formation et perfectionnement - Seniordrive\",\"isPartOf\":{\"@id\":\"https:\/\/seniordrive.ch\/#website\"},\"datePublished\":\"2024-06-11T15:01:26+00:00\",\"dateModified\":\"2024-07-11T14:09:58+00:00\",\"breadcrumb\":{\"@id\":\"https:\/\/seniordrive.ch\/fr\/formation-et-perfectionnement\/#breadcrumb\"},\"inLanguage\":\"fr-FR\",\"potentialAction\":[{\"@type\":\"ReadAction\",\"target\":[\"https:\/\/seniordrive.ch\/fr\/formation-et-perfectionnement\/\"]}]},{\"@type\":\"BreadcrumbList\",\"@id\":\"https:\/\/seniordrive.ch\/fr\/formation-et-perfectionnement\/#breadcrumb\",\"itemListElement\":[{\"@type\":\"ListItem\",\"position\":1,\"name\":\"Startseite\",\"item\":\"https:\/\/seniordrive.ch\/fr\/\"},{\"@type\":\"ListItem\",\"position\":2,\"name\":\"Formation et perfectionnement\"}]},{\"@type\":\"WebSite\",\"@id\":\"https:\/\/seniordrive.ch\/#website\",\"url\":\"https:\/\/seniordrive.ch\/\",\"name\":\"Seniordrive\",\"description\":\"Sicher mobil - auch im Alter\",\"potentialAction\":[{\"@type\":\"SearchAction\",\"target\":{\"@type\":\"EntryPoint\",\"urlTemplate\":\"https:\/\/seniordrive.ch\/?s={search_term_string}\"},\"query-input\":{\"@type\":\"PropertyValueSpecification\",\"valueRequired\":true,\"valueName\":\"search_term_string\"}}],\"inLanguage\":\"fr-FR\"}]}<\/script>\n<!-- \/ Yoast SEO plugin. -->","yoast_head_json":{"title":"Formation et perfectionnement - Seniordrive","robots":{"index":"index","follow":"follow","max-snippet":"max-snippet:-1","max-image-preview":"max-image-preview:large","max-video-preview":"max-video-preview:-1"},"canonical":"https:\/\/seniordrive.ch\/fr\/formation-et-perfectionnement\/","og_locale":"fr_FR","og_type":"article","og_title":"Formation et perfectionnement - Seniordrive","og_description":"[vc_row][vc_column][vc_custom_heading text=\u00a0\u00bbFormation et perfectionnement\u00a0\u00bb font_container=\u00a0\u00bbtag:h1|font_size:60|text_align:center|color:%23000000&Prime; use_theme_fonts=\u00a0\u00bbyes\u00a0\u00bb css=\u00a0\u00bb.vc_custom_1684140381266{margin-top: 0px !important;padding-top: 40px !important;}\u00a0\u00bb][\/vc_column][\/vc_row][vc_row][vc_column][vc_column_text]Seniordrive propose diverses formations et perfectionnements pour les moniteurs de conduite. Ces formations et perfectionnements sont reconnus par l&rsquo;ASA et sont donc pris en compte dans la formation continue obligatoire des moniteurs de conduite.[\/vc_column_text][\/vc_column][\/vc_row][vc_row][vc_column][vc_row_inner css=\u00a0\u00bb.vc_custom_1684332078077{margin-top: 20px !important;margin-bottom: 40px !important;padding-top: 40px !important;padding-right: 40px !important;padding-bottom: 40px !important;padding-left: 40px !important;background-color: #ededed !important;}\u00a0\u00bb][vc_column_inner][vc_custom_heading text=\u00a0\u00bbFormations [&hellip;]","og_url":"https:\/\/seniordrive.ch\/fr\/formation-et-perfectionnement\/","og_site_name":"Seniordrive","article_modified_time":"2024-07-11T14:09:58+00:00","twitter_card":"summary_large_image","twitter_misc":{"Dur\u00e9e de lecture estim\u00e9e":"2 minutes"},"schema":{"@context":"https:\/\/schema.org","@graph":[{"@type":"WebPage","@id":"https:\/\/seniordrive.ch\/fr\/formation-et-perfectionnement\/","url":"https:\/\/seniordrive.ch\/fr\/formation-et-perfectionnement\/","name":"Formation et perfectionnement - Seniordrive","isPartOf":{"@id":"https:\/\/seniordrive.ch\/#website"},"datePublished":"2024-06-11T15:01:26+00:00","dateModified":"2024-07-11T14:09:58+00:00","breadcrumb":{"@id":"https:\/\/seniordrive.ch\/fr\/formation-et-perfectionnement\/#breadcrumb"},"inLanguage":"fr-FR","potentialAction":[{"@type":"ReadAction","target":["https:\/\/seniordrive.ch\/fr\/formation-et-perfectionnement\/"]}]},{"@type":"BreadcrumbList","@id":"https:\/\/seniordrive.ch\/fr\/formation-et-perfectionnement\/#breadcrumb","itemListElement":[{"@type":"ListItem","position":1,"name":"Startseite","item":"https:\/\/seniordrive.ch\/fr\/"},{"@type":"ListItem","position":2,"name":"Formation et perfectionnement"}]},{"@type":"WebSite","@id":"https:\/\/seniordrive.ch\/#website","url":"https:\/\/seniordrive.ch\/","name":"Seniordrive","description":"Sicher mobil - auch im Alter","potentialAction":[{"@type":"SearchAction","target":{"@type":"EntryPoint","urlTemplate":"https:\/\/seniordrive.ch\/?s={search_term_string}"},"query-input":{"@type":"PropertyValueSpecification","valueRequired":true,"valueName":"search_term_string"}}],"inLanguage":"fr-FR"}]}},"_links":{"self":[{"href":"https:\/\/seniordrive.ch\/fr\/wp-json\/wp\/v2\/pages\/5408","targetHints":{"allow":["GET"]}}],"collection":[{"href":"https:\/\/seniordrive.ch\/fr\/wp-json\/wp\/v2\/pages"}],"about":[{"href":"https:\/\/seniordrive.ch\/fr\/wp-json\/wp\/v2\/types\/page"}],"author":[{"embeddable":true,"href":"https:\/\/seniordrive.ch\/fr\/wp-json\/wp\/v2\/users\/1"}],"replies":[{"embeddable":true,"href":"https:\/\/seniordrive.ch\/fr\/wp-json\/wp\/v2\/comments?post=5408"}],"version-history":[{"count":1,"href":"https:\/\/seniordrive.ch\/fr\/wp-json\/wp\/v2\/pages\/5408\/revisions"}],"predecessor-version":[{"id":5409,"href":"https:\/\/seniordrive.ch\/fr\/wp-json\/wp\/v2\/pages\/5408\/revisions\/5409"}],"wp:attachment":[{"href":"https:\/\/seniordrive.ch\/fr\/wp-json\/wp\/v2\/media?parent=5408"}],"curies":[{"name":"wp","href":"https:\/\/api.w.org\/{rel}","templated":true}]}}