{"id":5410,"date":"2024-06-11T17:03:43","date_gmt":"2024-06-11T15:03:43","guid":{"rendered":"https:\/\/seniordrive.ch\/formation-et-perfectionnement\/cours\/"},"modified":"2024-07-11T16:23:36","modified_gmt":"2024-07-11T14:23:36","slug":"cours","status":"publish","type":"page","link":"https:\/\/seniordrive.ch\/fr\/formation-et-perfectionnement\/cours\/","title":{"rendered":"Refresher 60Plus Kurs"},"content":{"rendered":"<div class=\"wpb-content-wrapper\"><p>[vc_row][vc_column][vc_custom_heading text=\u00a0\u00bbRefresher 60Plus Kurs\u00a0\u00bb font_container=\u00a0\u00bbtag:h1|font_size:60|text_align:center\u00a0\u00bb use_theme_fonts=\u00a0\u00bbyes\u00a0\u00bb][\/vc_column][\/vc_row][vc_row][vc_column][vc_column_text font_size=\u00a0\u00bb21&Prime; line_height=\u00a0\u00bb1.2em\u00a0\u00bb]Ce cours est destin\u00e9 aux conducteurs de la cat. B qui ont atteint ou d\u00e9pass\u00e9 l&rsquo;\u00e2ge de 60 ans et qui souhaitent am\u00e9liorer leurs comp\u00e9tences de conduite de mani\u00e8re cibl\u00e9e. Pour que tu puisses circuler en toute s\u00e9curit\u00e9 au volant de ta voiture, pour toi comme pour tous les autres usagers de la route, il est essentiel que tu te perfectionnes en permanence dans le domaine des r\u00e8gles de la circulation et de l&rsquo;utilisation du v\u00e9hicule.<\/p>\n<p>Dans ce cours de conduite, nous am\u00e9liorons nos comp\u00e9tences de conduite par des exercices pratiques, ce qui nous permet d&rsquo;augmenter notre s\u00e9curit\u00e9 routi\u00e8re et de reconna\u00eetre nos limites. Nous apprenons \u00e0 adopter une conduite d\u00e9fensive et prudente afin de minimiser les risques sur la route. Notre objectif est clair : nous voulons profiter de notre libert\u00e9 de mobilit\u00e9 sur la route le plus longtemps possible, tout en \u00e9tant en s\u00e9curit\u00e9 et surtout sans accident. Lors de nos trajets, nous voulons compenser nos erreurs par nos comp\u00e9tences et ne pas \u00ab\u00a0avoir de chance\u00a0\u00bb ![\/vc_column_text][vc_column_text font_size=\u00a0\u00bb21&Prime; line_height=\u00a0\u00bb1.2em\u00a0\u00bb]Dur\u00e9e du cours : 3 heures.<\/p>\n<p>* Tu conduis ta propre voiture.<br \/>\n* Ta voiture doit \u00eatre en bon \u00e9tat de fonctionnement (pneus, pression d&rsquo;air, feux, freins, etc.)<br \/>\n* Le plein de carburant est fait.<br \/>\n* Le cours a lieu par tous les temps, si le nombre minimum de participants est atteint.<br \/>\n* Veuillez apporter les documents suivants : Permis de conduire, permis de circulation<br \/>\n* Les frais de cours sont pay\u00e9s au d\u00e9but du cours avec TWINT ou en esp\u00e8ces.<br \/>\n* Les annulations sont possibles par message \u00e9crit (mail, WhatsApp, SMS) au responsable du cours jusqu&rsquo;\u00e0 7 jours ouvrables avant le d\u00e9but du cours.[\/vc_column_text][\/vc_column][\/vc_row][vc_row][vc_column][vc_column_text]<iframe src=\"https:\/\/app1.edoobox.com\/-ts\/Fahrtraining%20Refresher%2060%20Plus?edref=ts\" name=\"edooboxFrame_ts\" id=\"edoobox_ts\" style=\"border:none; width:100%; height:600px;\" frameborder=\"0\" seamless=\"\" data-scrolltop=\"\"><a href=\"https:\/\/app1.edoobox.com\/-ts\/Fahrtraining%20Refresher%2060%20Plus?edref=ts\">Afficher l&rsquo;aper\u00e7u<\/a><\/iframe><script type=\"text\/javascript\" src=\"https:\/\/cdn1.edoobox.com\/edoobox.iframe.embedded.v2.2.5.js\"><\/script>[\/vc_column_text][\/vc_column][\/vc_row]<\/p>\n<\/div>","protected":false},"excerpt":{"rendered":"<p>[vc_row][vc_column][vc_custom_heading text=\u00a0\u00bbRefresher 60Plus Kurs\u00a0\u00bb font_container=\u00a0\u00bbtag:h1|font_size:60|text_align:center\u00a0\u00bb use_theme_fonts=\u00a0\u00bbyes\u00a0\u00bb][\/vc_column][\/vc_row][vc_row][vc_column][vc_column_text font_size=\u00a0\u00bb21&Prime; line_height=\u00a0\u00bb1.2em\u00a0\u00bb]Ce cours est destin\u00e9 aux conducteurs de la cat. B qui ont atteint ou d\u00e9pass\u00e9 l&rsquo;\u00e2ge de 60 ans et qui souhaitent am\u00e9liorer leurs comp\u00e9tences de conduite de mani\u00e8re cibl\u00e9e. Pour que tu puisses circuler en toute s\u00e9curit\u00e9 au volant de ta voiture, pour toi comme pour tous les autres usagers de la [&hellip;]<\/p>\n","protected":false},"author":9,"featured_media":0,"parent":5408,"menu_order":0,"comment_status":"closed","ping_status":"closed","template":"","meta":{"footnotes":""},"class_list":["post-5410","page","type-page","status-publish","hentry"],"yoast_head":"<!-- This site is optimized with the Yoast SEO plugin v25.9 - https:\/\/yoast.com\/wordpress\/plugins\/seo\/ -->\n<title>Refresher 60Plus Kurs - Seniordrive<\/title>\n<meta name=\"robots\" content=\"index, follow, max-snippet:-1, max-image-preview:large, max-video-preview:-1\" \/>\n<link rel=\"canonical\" href=\"https:\/\/seniordrive.ch\/fr\/formation-et-perfectionnement\/cours\/\" \/>\n<meta property=\"og:locale\" content=\"fr_FR\" \/>\n<meta property=\"og:type\" content=\"article\" \/>\n<meta property=\"og:title\" content=\"Refresher 60Plus Kurs - Seniordrive\" \/>\n<meta property=\"og:description\" content=\"[vc_row][vc_column][vc_custom_heading text=\u00a0\u00bbRefresher 60Plus Kurs\u00a0\u00bb font_container=\u00a0\u00bbtag:h1|font_size:60|text_align:center\u00a0\u00bb use_theme_fonts=\u00a0\u00bbyes\u00a0\u00bb][\/vc_column][\/vc_row][vc_row][vc_column][vc_column_text font_size=\u00a0\u00bb21&Prime; line_height=\u00a0\u00bb1.2em\u00a0\u00bb]Ce cours est destin\u00e9 aux conducteurs de la cat. B qui ont atteint ou d\u00e9pass\u00e9 l&rsquo;\u00e2ge de 60 ans et qui souhaitent am\u00e9liorer leurs comp\u00e9tences de conduite de mani\u00e8re cibl\u00e9e. Pour que tu puisses circuler en toute s\u00e9curit\u00e9 au volant de ta voiture, pour toi comme pour tous les autres usagers de la [&hellip;]\" \/>\n<meta property=\"og:url\" content=\"https:\/\/seniordrive.ch\/fr\/formation-et-perfectionnement\/cours\/\" \/>\n<meta property=\"og:site_name\" content=\"Seniordrive\" \/>\n<meta property=\"article:modified_time\" content=\"2024-07-11T14:23:36+00:00\" \/>\n<meta name=\"twitter:card\" content=\"summary_large_image\" \/>\n<meta name=\"twitter:label1\" content=\"Dur\u00e9e de lecture estim\u00e9e\" \/>\n\t<meta name=\"twitter:data1\" content=\"2 minutes\" \/>\n<script type=\"application\/ld+json\" class=\"yoast-schema-graph\">{\"@context\":\"https:\/\/schema.org\",\"@graph\":[{\"@type\":\"WebPage\",\"@id\":\"https:\/\/seniordrive.ch\/fr\/formation-et-perfectionnement\/cours\/\",\"url\":\"https:\/\/seniordrive.ch\/fr\/formation-et-perfectionnement\/cours\/\",\"name\":\"Refresher 60Plus Kurs - Seniordrive\",\"isPartOf\":{\"@id\":\"https:\/\/seniordrive.ch\/#website\"},\"datePublished\":\"2024-06-11T15:03:43+00:00\",\"dateModified\":\"2024-07-11T14:23:36+00:00\",\"breadcrumb\":{\"@id\":\"https:\/\/seniordrive.ch\/fr\/formation-et-perfectionnement\/cours\/#breadcrumb\"},\"inLanguage\":\"fr-FR\",\"potentialAction\":[{\"@type\":\"ReadAction\",\"target\":[\"https:\/\/seniordrive.ch\/fr\/formation-et-perfectionnement\/cours\/\"]}]},{\"@type\":\"BreadcrumbList\",\"@id\":\"https:\/\/seniordrive.ch\/fr\/formation-et-perfectionnement\/cours\/#breadcrumb\",\"itemListElement\":[{\"@type\":\"ListItem\",\"position\":1,\"name\":\"Startseite\",\"item\":\"https:\/\/seniordrive.ch\/fr\/\"},{\"@type\":\"ListItem\",\"position\":2,\"name\":\"Formation et perfectionnement\",\"item\":\"https:\/\/seniordrive.ch\/fr\/formation-et-perfectionnement\/\"},{\"@type\":\"ListItem\",\"position\":3,\"name\":\"Refresher 60Plus Kurs\"}]},{\"@type\":\"WebSite\",\"@id\":\"https:\/\/seniordrive.ch\/#website\",\"url\":\"https:\/\/seniordrive.ch\/\",\"name\":\"Seniordrive\",\"description\":\"Sicher mobil - auch im Alter\",\"potentialAction\":[{\"@type\":\"SearchAction\",\"target\":{\"@type\":\"EntryPoint\",\"urlTemplate\":\"https:\/\/seniordrive.ch\/?s={search_term_string}\"},\"query-input\":{\"@type\":\"PropertyValueSpecification\",\"valueRequired\":true,\"valueName\":\"search_term_string\"}}],\"inLanguage\":\"fr-FR\"}]}<\/script>\n<!-- \/ Yoast SEO plugin. -->","yoast_head_json":{"title":"Refresher 60Plus Kurs - Seniordrive","robots":{"index":"index","follow":"follow","max-snippet":"max-snippet:-1","max-image-preview":"max-image-preview:large","max-video-preview":"max-video-preview:-1"},"canonical":"https:\/\/seniordrive.ch\/fr\/formation-et-perfectionnement\/cours\/","og_locale":"fr_FR","og_type":"article","og_title":"Refresher 60Plus Kurs - Seniordrive","og_description":"[vc_row][vc_column][vc_custom_heading text=\u00a0\u00bbRefresher 60Plus Kurs\u00a0\u00bb font_container=\u00a0\u00bbtag:h1|font_size:60|text_align:center\u00a0\u00bb use_theme_fonts=\u00a0\u00bbyes\u00a0\u00bb][\/vc_column][\/vc_row][vc_row][vc_column][vc_column_text font_size=\u00a0\u00bb21&Prime; line_height=\u00a0\u00bb1.2em\u00a0\u00bb]Ce cours est destin\u00e9 aux conducteurs de la cat. B qui ont atteint ou d\u00e9pass\u00e9 l&rsquo;\u00e2ge de 60 ans et qui souhaitent am\u00e9liorer leurs comp\u00e9tences de conduite de mani\u00e8re cibl\u00e9e. Pour que tu puisses circuler en toute s\u00e9curit\u00e9 au volant de ta voiture, pour toi comme pour tous les autres usagers de la [&hellip;]","og_url":"https:\/\/seniordrive.ch\/fr\/formation-et-perfectionnement\/cours\/","og_site_name":"Seniordrive","article_modified_time":"2024-07-11T14:23:36+00:00","twitter_card":"summary_large_image","twitter_misc":{"Dur\u00e9e de lecture estim\u00e9e":"2 minutes"},"schema":{"@context":"https:\/\/schema.org","@graph":[{"@type":"WebPage","@id":"https:\/\/seniordrive.ch\/fr\/formation-et-perfectionnement\/cours\/","url":"https:\/\/seniordrive.ch\/fr\/formation-et-perfectionnement\/cours\/","name":"Refresher 60Plus Kurs - Seniordrive","isPartOf":{"@id":"https:\/\/seniordrive.ch\/#website"},"datePublished":"2024-06-11T15:03:43+00:00","dateModified":"2024-07-11T14:23:36+00:00","breadcrumb":{"@id":"https:\/\/seniordrive.ch\/fr\/formation-et-perfectionnement\/cours\/#breadcrumb"},"inLanguage":"fr-FR","potentialAction":[{"@type":"ReadAction","target":["https:\/\/seniordrive.ch\/fr\/formation-et-perfectionnement\/cours\/"]}]},{"@type":"BreadcrumbList","@id":"https:\/\/seniordrive.ch\/fr\/formation-et-perfectionnement\/cours\/#breadcrumb","itemListElement":[{"@type":"ListItem","position":1,"name":"Startseite","item":"https:\/\/seniordrive.ch\/fr\/"},{"@type":"ListItem","position":2,"name":"Formation et perfectionnement","item":"https:\/\/seniordrive.ch\/fr\/formation-et-perfectionnement\/"},{"@type":"ListItem","position":3,"name":"Refresher 60Plus Kurs"}]},{"@type":"WebSite","@id":"https:\/\/seniordrive.ch\/#website","url":"https:\/\/seniordrive.ch\/","name":"Seniordrive","description":"Sicher mobil - auch im Alter","potentialAction":[{"@type":"SearchAction","target":{"@type":"EntryPoint","urlTemplate":"https:\/\/seniordrive.ch\/?s={search_term_string}"},"query-input":{"@type":"PropertyValueSpecification","valueRequired":true,"valueName":"search_term_string"}}],"inLanguage":"fr-FR"}]}},"_links":{"self":[{"href":"https:\/\/seniordrive.ch\/fr\/wp-json\/wp\/v2\/pages\/5410","targetHints":{"allow":["GET"]}}],"collection":[{"href":"https:\/\/seniordrive.ch\/fr\/wp-json\/wp\/v2\/pages"}],"about":[{"href":"https:\/\/seniordrive.ch\/fr\/wp-json\/wp\/v2\/types\/page"}],"author":[{"embeddable":true,"href":"https:\/\/seniordrive.ch\/fr\/wp-json\/wp\/v2\/users\/9"}],"replies":[{"embeddable":true,"href":"https:\/\/seniordrive.ch\/fr\/wp-json\/wp\/v2\/comments?post=5410"}],"version-history":[{"count":2,"href":"https:\/\/seniordrive.ch\/fr\/wp-json\/wp\/v2\/pages\/5410\/revisions"}],"predecessor-version":[{"id":5515,"href":"https:\/\/seniordrive.ch\/fr\/wp-json\/wp\/v2\/pages\/5410\/revisions\/5515"}],"up":[{"embeddable":true,"href":"https:\/\/seniordrive.ch\/fr\/wp-json\/wp\/v2\/pages\/5408"}],"wp:attachment":[{"href":"https:\/\/seniordrive.ch\/fr\/wp-json\/wp\/v2\/media?parent=5410"}],"curies":[{"name":"wp","href":"https:\/\/api.w.org\/{rel}","templated":true}]}}