{"id":5426,"date":"2024-06-12T13:09:17","date_gmt":"2024-06-12T11:09:17","guid":{"rendered":"https:\/\/seniordrive.ch\/mentions-legales\/"},"modified":"2024-07-11T16:09:55","modified_gmt":"2024-07-11T14:09:55","slug":"mentions-legales","status":"publish","type":"page","link":"https:\/\/seniordrive.ch\/fr\/mentions-legales\/","title":{"rendered":"Mentions l\u00e9gales"},"content":{"rendered":"<div class=\"wpb-content-wrapper\"><p>[vc_row visibility=\u00a0\u00bbhidden-xs,visible-sm,visible-md,visible-lg,visible-xlg\u00a0\u00bb][vc_column][vc_custom_heading text=\u00a0\u00bbMentions l\u00e9gales et conditions d&rsquo;utilisation\u00a0\u00bb font_container=\u00a0\u00bbtag:h1|font_size:60|text_align:left|color:%23000000&Prime; use_theme_fonts=\u00a0\u00bbyes\u00a0\u00bb css=\u00a0\u00bb.vc_custom_1676994788546{margin-top: 0px !important;padding-top: 40px !important;}\u00a0\u00bb][\/vc_column][\/vc_row][vc_row visibility=\u00a0\u00bbhidden-sm,hidden-md,hidden-lg,hidden-xlg,visible-xs\u00a0\u00bb][vc_column][vc_custom_heading text=\u00a0\u00bbMentions l\u00e9gales\u00a0\u00bb font_container=\u00a0\u00bbtag:h1|font_size:50|text_align:left|color:%23000000&Prime; use_theme_fonts=\u00a0\u00bbyes\u00a0\u00bb css=\u00a0\u00bb.vc_custom_1622121463695{margin-top: 0px !important;padding-top: 40px !important;}\u00a0\u00bb][\/vc_column][\/vc_row][vc_row][vc_column][vc_column_text]<\/p>\n<h2>Mentions l\u00e9gales<\/h2>\n<p><strong>Seniordrive<\/strong><br \/>\nCase postale<br \/>\n3001 Berne<br \/>\nSuisse<\/p>\n<p>T\u00e9l\u00e9phone: <a href=\"tel:+41313180518\">+41 31 318 05 18 <\/a><br \/>\nCourrier \u00e9lectronique: <a href=\"mailto:info@seniordrive.ch\">info@seniordrive.ch <\/a><\/p>\n<p>Pr\u00e9sident: Toni Kalberer<\/p>\n<p>Si\u00e8ge de l&rsquo;association: Berne<\/p>\n<p>Copyright:<br \/>\n\u00a9 Copyright 2022 Seniordrive. Le contenu de ce site web est prot\u00e9g\u00e9 par les droits d&rsquo;auteur. Tous les droits sont r\u00e9serv\u00e9s \u00e0 Seniordrive ou \u00e0 ses partenaires (fournisseurs, prestataires, fabricants, etc.). Toute utilisation du contenu de ce site est soumise \u00e0 l&rsquo;autorisation expresse de Seniordrive.[\/vc_column_text][vc_column_text]<\/p>\n<h2>Conditions d&rsquo;utilisation<\/h2>\n<p><strong>1. domaine d&rsquo;application<\/strong><br \/>\nEn utilisant le pr\u00e9sent site Internet (\u00ab\u00a0plate-forme\u00a0\u00bb), vous (\u00ab\u00a0utilisateur\u00a0\u00bb) acceptez les remarques et les r\u00e8gles d&rsquo;utilisation ci-dessous. Si vous ne souhaitez pas accepter ces conditions, nous vous prions de quitter la plate-forme.<br \/>\nLa pr\u00e9sente plate-forme s&rsquo;adresse aux utilisateurs situ\u00e9s en Suisse. Les conditions d&rsquo;utilisation, le contenu et les fonctionnalit\u00e9s de cette plate-forme peuvent \u00eatre modifi\u00e9s \u00e0 tout moment. L&rsquo;acc\u00e8s et l&rsquo;utilisation de la plate-forme ne sont pas garantis.<\/p>\n<p>&nbsp;<\/p>\n<p><strong>2. droits de propri\u00e9t\u00e9 intellectuelle et autres droits<\/strong><br \/>\nLes contenus de cette plate-forme (tels que textes, images, graphiques, marques, noms, titres, logos, designs et autres r\u00e9sultats de travail) sont prot\u00e9g\u00e9s par le droit d&rsquo;auteur, des marques et\/ou des designs et appartiennent \u00e0 l&rsquo;exploitant selon Seniordrive (cf. mentions l\u00e9gales ). Toute utilisation \u00e0 des fins publiques ou commerciales n&rsquo;est autoris\u00e9e qu&rsquo;avec l&rsquo;accord \u00e9crit de Seniordrive. Cela vaut \u00e9galement pour les contenus qui ne sont pas prot\u00e9g\u00e9s par des droits de propri\u00e9t\u00e9 intellectuelle. La consultation, le t\u00e9l\u00e9chargement ou la copie de contenus \u00e0 des fins priv\u00e9es sont autoris\u00e9s, \u00e9tant entendu que cela ne conf\u00e8re aucun droit d&rsquo;utilisation ou de propri\u00e9t\u00e9.<br \/>\nSeniordrive s&rsquo;efforce de respecter les droits des tiers. Seniordrive ne garantit toutefois pas que l&rsquo;utilisation des informations qui apparaissent sur la plate-forme ne porte pas atteinte aux droits de tiers.<\/p>\n<p>&nbsp;<\/p>\n<p><strong>3. Clause de non-responsabilit\u00e9 Senoirdrive<\/strong><br \/>\nSeniordrive s&rsquo;efforce de veiller \u00e0 ce que les contenus et informations figurant sur cette plate-forme soient exacts et actuels. Toutes les informations sont toutefois fournies sans garantie. L&rsquo;utilisateur utilise tous les contenus et informations \u00e0 ses propres risques.<br \/>\nDans la mesure o\u00f9 la loi l&rsquo;autorise, Seniordrive d\u00e9cline toute responsabilit\u00e9 et tout engagement qui pourraient r\u00e9sulter de l&rsquo;utilisation de la plate-forme. Swissdrive n&rsquo;est en aucun cas responsable des dommages cons\u00e9cutifs et du manque \u00e0 gagner ainsi que des dommages caus\u00e9s par des virus informatiques, des programmes d&rsquo;espionnage ou d&rsquo;autres programmes informatiques nuisibles \u00e0 l&rsquo;utilisateur ou \u00e0 son ordinateur ou terminal.<br \/>\nSeniordrive n&rsquo;est pas responsable des interruptions de service dues \u00e0 des perturbations de toutes sortes ou servant \u00e0 la r\u00e9paration de pannes, \u00e0 la maintenance et \u00e0 l&rsquo;introduction de nouveaux contenus, programmes et technologies.<br \/>\nLa plate-forme contient des liens vers des sites web de tiers. Ces sites ne sont ni exploit\u00e9s ni contr\u00f4l\u00e9s par Seniordrive. En cons\u00e9quence, Seniordrive d\u00e9cline toute responsabilit\u00e9 quant \u00e0 l&rsquo;utilisation de ces sites et au respect des dispositions relatives \u00e0 la protection des donn\u00e9es par les exploitants de ces sites.<\/p>\n<p>&nbsp;<\/p>\n<p><strong>4. responsabilit\u00e9 de l&rsquo;utilisateur<\/strong><br \/>\nL&rsquo;utilisateur est responsable de la protection des donn\u00e9es de connexion (nom d&rsquo;utilisateur, mot de passe) qui lui sont \u00e9ventuellement attribu\u00e9es et s&rsquo;engage \u00e0 ne pas les rendre accessibles \u00e0 des tiers sans l&rsquo;accord \u00e9crit de Seniordrive. Seniordrive d\u00e9cline toute responsabilit\u00e9 en cas de perte ou d&rsquo;utilisation abusive des donn\u00e9es de connexion.<\/p>\n<p>&nbsp;<\/p>\n<p><strong>5. Transmission des donn\u00e9es \/ gestion des donn\u00e9es<\/strong><br \/>\nInternet est un r\u00e9seau ouvert et librement accessible et ne constitue pas un environnement s\u00fbr. Toute transmission de donn\u00e9es et d&rsquo;informations sur ou via cette plate-forme n&rsquo;est pas confidentielle.<br \/>\nSeniordrive peut, entre autres, surveiller ou v\u00e9rifier les chats, les forums de discussion, les commentaires ou autres sur sa plate-forme. Seniordrive n&rsquo;y est toutefois pas tenu et d\u00e9cline toute responsabilit\u00e9 en rapport avec de tels contenus provenant de l&rsquo;ext\u00e9rieur. Cela vaut en particulier pour les erreurs, les diffamations, les insultes, les omissions, les fausses informations, les obsc\u00e9nit\u00e9s, la pornographie, les blasph\u00e8mes ainsi que d&rsquo;autres contenus contraires aux bonnes m\u0153urs et ill\u00e9gaux. Seniordrive est en droit de supprimer imm\u00e9diatement les contenus qui ne lui conviennent pas ainsi que les contenus contraires aux bonnes m\u0153urs et \u00e0 la loi, sans avoir \u00e0 se justifier.<\/p>\n<p>&nbsp;<\/p>\n<p><strong>6. protection des donn\u00e9es \/ consentement \u00e0 l&rsquo;utilisation des donn\u00e9es<\/strong><br \/>\nSeniordrive respecte la sph\u00e8re priv\u00e9e de ses utilisateurs ainsi que les dispositions de la loi suisse sur la protection des donn\u00e9es. L&rsquo;utilisateur consent \u00e0 ce que ses donn\u00e9es personnelles soient enregistr\u00e9es et utilis\u00e9es pour l&rsquo;exploitation des services en ligne de Seniordrive ainsi qu&rsquo;\u00e0 des fins d&rsquo;information et de publicit\u00e9 propres \u00e0 Seniordrive &#8211; jusqu&rsquo;\u00e0 r\u00e9vocation. Les directives de protection des donn\u00e9es disponibles sur ce site web s&rsquo;appliquent.[\/vc_column_text][\/vc_column][\/vc_row][vc_row padding_top=\u00a0\u00bb140&Prime;][vc_column]<style>#btn_69e73869e5070:hover {background-color: #b7b7b7 !important;color: #ffffff !important;border-color: #b7b7b7 !important;}<\/style><div class=\"text-center\"><a class=\"btn btn-custom\" href=\"https:\/\/seniordrive.ch\" style=\"background-color: #777777;color: #ffffff;border-color: #777777;\"id=\"btn_69e73869e5070\">retour \u00e0 la page d'accueil<\/a><\/div>[\/vc_column][\/vc_row]<\/p>\n<\/div>","protected":false},"excerpt":{"rendered":"<p>[vc_row visibility=\u00a0\u00bbhidden-xs,visible-sm,visible-md,visible-lg,visible-xlg\u00a0\u00bb][vc_column][vc_custom_heading text=\u00a0\u00bbMentions l\u00e9gales et conditions d&rsquo;utilisation\u00a0\u00bb font_container=\u00a0\u00bbtag:h1|font_size:60|text_align:left|color:%23000000&Prime; use_theme_fonts=\u00a0\u00bbyes\u00a0\u00bb css=\u00a0\u00bb.vc_custom_1676994788546{margin-top: 0px !important;padding-top: 40px !important;}\u00a0\u00bb][\/vc_column][\/vc_row][vc_row visibility=\u00a0\u00bbhidden-sm,hidden-md,hidden-lg,hidden-xlg,visible-xs\u00a0\u00bb][vc_column][vc_custom_heading text=\u00a0\u00bbMentions l\u00e9gales\u00a0\u00bb font_container=\u00a0\u00bbtag:h1|font_size:50|text_align:left|color:%23000000&Prime; use_theme_fonts=\u00a0\u00bbyes\u00a0\u00bb css=\u00a0\u00bb.vc_custom_1622121463695{margin-top: 0px !important;padding-top: 40px !important;}\u00a0\u00bb][\/vc_column][\/vc_row][vc_row][vc_column][vc_column_text] Mentions l\u00e9gales Seniordrive Case postale 3001 Berne Suisse T\u00e9l\u00e9phone: +41 31 318 05 18 Courrier \u00e9lectronique: info@seniordrive.ch Pr\u00e9sident: Toni Kalberer Si\u00e8ge de l&rsquo;association: Berne Copyright: \u00a9 Copyright 2022 Seniordrive. Le contenu de ce site web est [&hellip;]<\/p>\n","protected":false},"author":1,"featured_media":0,"parent":0,"menu_order":0,"comment_status":"closed","ping_status":"closed","template":"","meta":{"footnotes":""},"class_list":["post-5426","page","type-page","status-publish","hentry"],"yoast_head":"<!-- This site is optimized with the Yoast SEO plugin v25.9 - https:\/\/yoast.com\/wordpress\/plugins\/seo\/ -->\n<title>Mentions l\u00e9gales - Seniordrive<\/title>\n<meta name=\"robots\" content=\"index, follow, max-snippet:-1, max-image-preview:large, max-video-preview:-1\" \/>\n<link rel=\"canonical\" href=\"https:\/\/seniordrive.ch\/fr\/mentions-legales\/\" \/>\n<meta property=\"og:locale\" content=\"fr_FR\" \/>\n<meta property=\"og:type\" content=\"article\" \/>\n<meta property=\"og:title\" content=\"Mentions l\u00e9gales - Seniordrive\" \/>\n<meta property=\"og:description\" content=\"[vc_row visibility=\u00a0\u00bbhidden-xs,visible-sm,visible-md,visible-lg,visible-xlg\u00a0\u00bb][vc_column][vc_custom_heading text=\u00a0\u00bbMentions l\u00e9gales et conditions d&rsquo;utilisation\u00a0\u00bb font_container=\u00a0\u00bbtag:h1|font_size:60|text_align:left|color:%23000000&Prime; use_theme_fonts=\u00a0\u00bbyes\u00a0\u00bb css=\u00a0\u00bb.vc_custom_1676994788546{margin-top: 0px !important;padding-top: 40px !important;}\u00a0\u00bb][\/vc_column][\/vc_row][vc_row visibility=\u00a0\u00bbhidden-sm,hidden-md,hidden-lg,hidden-xlg,visible-xs\u00a0\u00bb][vc_column][vc_custom_heading text=\u00a0\u00bbMentions l\u00e9gales\u00a0\u00bb font_container=\u00a0\u00bbtag:h1|font_size:50|text_align:left|color:%23000000&Prime; use_theme_fonts=\u00a0\u00bbyes\u00a0\u00bb css=\u00a0\u00bb.vc_custom_1622121463695{margin-top: 0px !important;padding-top: 40px !important;}\u00a0\u00bb][\/vc_column][\/vc_row][vc_row][vc_column][vc_column_text] Mentions l\u00e9gales Seniordrive Case postale 3001 Berne Suisse T\u00e9l\u00e9phone: +41 31 318 05 18 Courrier \u00e9lectronique: info@seniordrive.ch Pr\u00e9sident: Toni Kalberer Si\u00e8ge de l&rsquo;association: Berne Copyright: \u00a9 Copyright 2022 Seniordrive. Le contenu de ce site web est [&hellip;]\" \/>\n<meta property=\"og:url\" content=\"https:\/\/seniordrive.ch\/fr\/mentions-legales\/\" \/>\n<meta property=\"og:site_name\" content=\"Seniordrive\" \/>\n<meta property=\"article:modified_time\" content=\"2024-07-11T14:09:55+00:00\" \/>\n<meta name=\"twitter:card\" content=\"summary_large_image\" \/>\n<meta name=\"twitter:label1\" content=\"Dur\u00e9e de lecture estim\u00e9e\" \/>\n\t<meta name=\"twitter:data1\" content=\"5 minutes\" \/>\n<script type=\"application\/ld+json\" class=\"yoast-schema-graph\">{\"@context\":\"https:\/\/schema.org\",\"@graph\":[{\"@type\":\"WebPage\",\"@id\":\"https:\/\/seniordrive.ch\/fr\/mentions-legales\/\",\"url\":\"https:\/\/seniordrive.ch\/fr\/mentions-legales\/\",\"name\":\"Mentions l\u00e9gales - Seniordrive\",\"isPartOf\":{\"@id\":\"https:\/\/seniordrive.ch\/#website\"},\"datePublished\":\"2024-06-12T11:09:17+00:00\",\"dateModified\":\"2024-07-11T14:09:55+00:00\",\"breadcrumb\":{\"@id\":\"https:\/\/seniordrive.ch\/fr\/mentions-legales\/#breadcrumb\"},\"inLanguage\":\"fr-FR\",\"potentialAction\":[{\"@type\":\"ReadAction\",\"target\":[\"https:\/\/seniordrive.ch\/fr\/mentions-legales\/\"]}]},{\"@type\":\"BreadcrumbList\",\"@id\":\"https:\/\/seniordrive.ch\/fr\/mentions-legales\/#breadcrumb\",\"itemListElement\":[{\"@type\":\"ListItem\",\"position\":1,\"name\":\"Startseite\",\"item\":\"https:\/\/seniordrive.ch\/fr\/\"},{\"@type\":\"ListItem\",\"position\":2,\"name\":\"Mentions l\u00e9gales\"}]},{\"@type\":\"WebSite\",\"@id\":\"https:\/\/seniordrive.ch\/#website\",\"url\":\"https:\/\/seniordrive.ch\/\",\"name\":\"Seniordrive\",\"description\":\"Sicher mobil - auch im Alter\",\"potentialAction\":[{\"@type\":\"SearchAction\",\"target\":{\"@type\":\"EntryPoint\",\"urlTemplate\":\"https:\/\/seniordrive.ch\/?s={search_term_string}\"},\"query-input\":{\"@type\":\"PropertyValueSpecification\",\"valueRequired\":true,\"valueName\":\"search_term_string\"}}],\"inLanguage\":\"fr-FR\"}]}<\/script>\n<!-- \/ Yoast SEO plugin. -->","yoast_head_json":{"title":"Mentions l\u00e9gales - Seniordrive","robots":{"index":"index","follow":"follow","max-snippet":"max-snippet:-1","max-image-preview":"max-image-preview:large","max-video-preview":"max-video-preview:-1"},"canonical":"https:\/\/seniordrive.ch\/fr\/mentions-legales\/","og_locale":"fr_FR","og_type":"article","og_title":"Mentions l\u00e9gales - Seniordrive","og_description":"[vc_row visibility=\u00a0\u00bbhidden-xs,visible-sm,visible-md,visible-lg,visible-xlg\u00a0\u00bb][vc_column][vc_custom_heading text=\u00a0\u00bbMentions l\u00e9gales et conditions d&rsquo;utilisation\u00a0\u00bb font_container=\u00a0\u00bbtag:h1|font_size:60|text_align:left|color:%23000000&Prime; use_theme_fonts=\u00a0\u00bbyes\u00a0\u00bb css=\u00a0\u00bb.vc_custom_1676994788546{margin-top: 0px !important;padding-top: 40px !important;}\u00a0\u00bb][\/vc_column][\/vc_row][vc_row visibility=\u00a0\u00bbhidden-sm,hidden-md,hidden-lg,hidden-xlg,visible-xs\u00a0\u00bb][vc_column][vc_custom_heading text=\u00a0\u00bbMentions l\u00e9gales\u00a0\u00bb font_container=\u00a0\u00bbtag:h1|font_size:50|text_align:left|color:%23000000&Prime; use_theme_fonts=\u00a0\u00bbyes\u00a0\u00bb css=\u00a0\u00bb.vc_custom_1622121463695{margin-top: 0px !important;padding-top: 40px !important;}\u00a0\u00bb][\/vc_column][\/vc_row][vc_row][vc_column][vc_column_text] Mentions l\u00e9gales Seniordrive Case postale 3001 Berne Suisse T\u00e9l\u00e9phone: +41 31 318 05 18 Courrier \u00e9lectronique: info@seniordrive.ch Pr\u00e9sident: Toni Kalberer Si\u00e8ge de l&rsquo;association: Berne Copyright: \u00a9 Copyright 2022 Seniordrive. Le contenu de ce site web est [&hellip;]","og_url":"https:\/\/seniordrive.ch\/fr\/mentions-legales\/","og_site_name":"Seniordrive","article_modified_time":"2024-07-11T14:09:55+00:00","twitter_card":"summary_large_image","twitter_misc":{"Dur\u00e9e de lecture estim\u00e9e":"5 minutes"},"schema":{"@context":"https:\/\/schema.org","@graph":[{"@type":"WebPage","@id":"https:\/\/seniordrive.ch\/fr\/mentions-legales\/","url":"https:\/\/seniordrive.ch\/fr\/mentions-legales\/","name":"Mentions l\u00e9gales - Seniordrive","isPartOf":{"@id":"https:\/\/seniordrive.ch\/#website"},"datePublished":"2024-06-12T11:09:17+00:00","dateModified":"2024-07-11T14:09:55+00:00","breadcrumb":{"@id":"https:\/\/seniordrive.ch\/fr\/mentions-legales\/#breadcrumb"},"inLanguage":"fr-FR","potentialAction":[{"@type":"ReadAction","target":["https:\/\/seniordrive.ch\/fr\/mentions-legales\/"]}]},{"@type":"BreadcrumbList","@id":"https:\/\/seniordrive.ch\/fr\/mentions-legales\/#breadcrumb","itemListElement":[{"@type":"ListItem","position":1,"name":"Startseite","item":"https:\/\/seniordrive.ch\/fr\/"},{"@type":"ListItem","position":2,"name":"Mentions l\u00e9gales"}]},{"@type":"WebSite","@id":"https:\/\/seniordrive.ch\/#website","url":"https:\/\/seniordrive.ch\/","name":"Seniordrive","description":"Sicher mobil - auch im Alter","potentialAction":[{"@type":"SearchAction","target":{"@type":"EntryPoint","urlTemplate":"https:\/\/seniordrive.ch\/?s={search_term_string}"},"query-input":{"@type":"PropertyValueSpecification","valueRequired":true,"valueName":"search_term_string"}}],"inLanguage":"fr-FR"}]}},"_links":{"self":[{"href":"https:\/\/seniordrive.ch\/fr\/wp-json\/wp\/v2\/pages\/5426","targetHints":{"allow":["GET"]}}],"collection":[{"href":"https:\/\/seniordrive.ch\/fr\/wp-json\/wp\/v2\/pages"}],"about":[{"href":"https:\/\/seniordrive.ch\/fr\/wp-json\/wp\/v2\/types\/page"}],"author":[{"embeddable":true,"href":"https:\/\/seniordrive.ch\/fr\/wp-json\/wp\/v2\/users\/1"}],"replies":[{"embeddable":true,"href":"https:\/\/seniordrive.ch\/fr\/wp-json\/wp\/v2\/comments?post=5426"}],"version-history":[{"count":1,"href":"https:\/\/seniordrive.ch\/fr\/wp-json\/wp\/v2\/pages\/5426\/revisions"}],"predecessor-version":[{"id":5427,"href":"https:\/\/seniordrive.ch\/fr\/wp-json\/wp\/v2\/pages\/5426\/revisions\/5427"}],"wp:attachment":[{"href":"https:\/\/seniordrive.ch\/fr\/wp-json\/wp\/v2\/media?parent=5426"}],"curies":[{"name":"wp","href":"https:\/\/api.w.org\/{rel}","templated":true}]}}