{"id":5517,"date":"2024-07-11T16:59:27","date_gmt":"2024-07-11T14:59:27","guid":{"rendered":"https:\/\/seniordrive.ch\/domande-e-risposte\/"},"modified":"2024-08-12T10:02:29","modified_gmt":"2024-08-12T08:02:29","slug":"domande-e-risposte","status":"publish","type":"page","link":"https:\/\/seniordrive.ch\/it\/uebersicht-anzeigen\/domande-e-risposte\/","title":{"rendered":"Domande e risposte"},"content":{"rendered":"<div class=\"wpb-content-wrapper\"><p>[vc_row visibility=&#8221;hidden-xs,visible-sm,visible-md,visible-lg,visible-xlg&#8221;][vc_column][vc_custom_heading text=&#8221;Domande e risposte&#8221; font_container=&#8221;tag:h1|font_size:60|text_align:center|color:%23000000&#8243; use_theme_fonts=&#8221;yes&#8221; css=&#8221;.vc_custom_1622037280580{margin-top: 0px !important;padding-top: 40px !important;}&#8221;][\/vc_column][\/vc_row][vc_row visibility=&#8221;hidden-sm,hidden-md,hidden-lg,hidden-xlg,visible-xs&#8221;][vc_column][vc_custom_heading text=&#8221;Domande e risposte&#8221; font_container=&#8221;tag:h1|font_size:50|text_align:center|color:%23000000&#8243; use_theme_fonts=&#8221;yes&#8221; css=&#8221;.vc_custom_1622190669469{margin-top: 0px !important;padding-top: 40px !important;}&#8221;][\/vc_column][\/vc_row][vc_row][vc_column][vc_tta_accordion color=&#8221;white&#8221; gap=&#8221;10&#8243; active_section=&#8221;1&#8243;][vc_tta_section title=&#8221;Cosa sono i Seniordrive Coach?&#8221; tab_id=&#8221;1622037315782-7d943354-fd72&#8243;][vc_column_text]I Seniordrive Coach sono maestri conducenti esperti che hanno seguito un impegnativo corso di formazione per diventare Seniordrive Coach per anziani. I Seniordrive Coach hanno una responsabilit\u00e0 essenziale nel garantire che la guida in et\u00e0 avanzata possa essere vissuta positivamente da tutte le parti.[\/vc_column_text][\/vc_tta_section][vc_tta_section title=&#8221;Come funziona il coaching Seniordrive?&#8221; tab_id=&#8221;1622037315799-4d53ac86-cbb5&#8243;][vc_column_text]Nel Seniordrive Coaching, il conducente fa un giro di prova con il Seniordrive Coach. Gli elementi inclusi sono: controllo della guida corretta, verifica sistematica delle limitazioni di guida che spesso si verificano con l&#8217;et\u00e0, consigli ed esercizi per una guida sicura e discussione delle misure precauzionali individuali alla guida.<\/p>\n<p>Dopo la guida di controllo, il conducente riceve informazioni sulle sue attuali capacit\u00e0 di guida. I punti di forza e di debolezza sono affrontati apertamente. Il Seniordrive Coach comunica chiaramente se, a suo parere, la competenza di guida, la correttezza e la sicurezza dello stile di guida sono ancora sufficientemente buone. La valutazione viene motivata.<\/p>\n<p>Naturalmente, l&#8217;approccio con i conducenti pi\u00f9 anziani \u00e8 empatico e amichevole. Il test di guida \u00e8 un&#8217;analisi privata alla quale il conducente maturo si sottopone volontariamente. Non ha nulla a che vedere con la valutazione dell&#8217;idoneit\u00e0 alla guida in occasione del controllo medico obbligatorio a partire dai 75 anni.<\/p>\n<p>Il Seniordrive Coach non decide se ritirare o meno la licenza di condurre.[\/vc_column_text][\/vc_tta_section][vc_tta_section title=&#8221;Cosa si vuole ottenere con il Seniordrive coaching?&#8221; tab_id=&#8221;1622038435455-00764f2a-871c&#8221;][vc_column_text]L&#8217;obiettivo principale \u00e8 una guida senza incidenti. L&#8217;anziano dovrebbe poter partecipare al traffico in modo sicuro il pi\u00f9 a lungo possibile e, al momento giusto, essere convinto e disposto a rinunciare volontariamente alla patente.[\/vc_column_text][\/vc_tta_section][vc_tta_section title=&#8221;Chi partecipa al Seniordrive Coaching?&#8221; tab_id=&#8221;1622038475206-6288e0fa-afae&#8221;][vc_column_text]Solo i conducenti ufficialmente idonei alla guida, cio\u00e8 in possesso di una licenya di condurre, si rivolgono al Seniordrive Coaching. Il medico di famiglia conferma l&#8217;idoneit\u00e0 medica alla guida dell&#8217;anziano, ovvero il rispetto dei requisiti minimi di salute. Pu\u00f2 incoraggiare un paziente a sottoporsi volontariamente a un coaching Seniordrive.<\/p>\n<p>Poich\u00e9 l&#8217;esame medico positivo soddisfa solo un aspetto parziale dell&#8217;omologazione stradale, ma la mancanza di routine di guida, la conoscenza inadeguata delle regole del traffico e le debolezze sanitarie nascoste a volte si manifestano solo durante la guida, ha senso verificare volontariamente la competenza di guida con un istruttore Seniordrive qualificato.[\/vc_column_text][\/vc_tta_section][vc_tta_section title=&#8221;Quando \u00e8 consigliato un Seniordrive Coaching?&#8221; tab_id=&#8221;1622038515124-6e65ec30-070c&#8221;][vc_column_text]In caso di aumento dei disturbi legati all&#8217;et\u00e0, dopo malattie, incidenti e operazioni, prima di un test di controllo ordinato dalle autorit\u00e0 o anche solo se si desidera verificare in modo semplice e privato la propria guida corretta e sicura.[\/vc_column_text][\/vc_tta_section][\/vc_tta_accordion][\/vc_column][\/vc_row][vc_row type=&#8221;image&#8221; bg_position=&#8221;center&#8221; enable_parallax=&#8221;false&#8221; fixed_height=&#8221;250&#8243; bg_image=&#8221;3658&#8243;][vc_column][\/vc_column][\/vc_row]<\/p>\n<\/div>","protected":false},"excerpt":{"rendered":"<p>[vc_row visibility=&#8221;hidden-xs,visible-sm,visible-md,visible-lg,visible-xlg&#8221;][vc_column][vc_custom_heading text=&#8221;Domande e risposte&#8221; font_container=&#8221;tag:h1|font_size:60|text_align:center|color:%23000000&#8243; use_theme_fonts=&#8221;yes&#8221; css=&#8221;.vc_custom_1622037280580{margin-top: 0px !important;padding-top: 40px !important;}&#8221;][\/vc_column][\/vc_row][vc_row visibility=&#8221;hidden-sm,hidden-md,hidden-lg,hidden-xlg,visible-xs&#8221;][vc_column][vc_custom_heading text=&#8221;Domande e risposte&#8221; font_container=&#8221;tag:h1|font_size:50|text_align:center|color:%23000000&#8243; use_theme_fonts=&#8221;yes&#8221; css=&#8221;.vc_custom_1622190669469{margin-top: 0px !important;padding-top: 40px !important;}&#8221;][\/vc_column][\/vc_row][vc_row][vc_column][vc_tta_accordion color=&#8221;white&#8221; gap=&#8221;10&#8243; active_section=&#8221;1&#8243;][vc_tta_section title=&#8221;Cosa sono i Seniordrive Coach?&#8221; tab_id=&#8221;1622037315782-7d943354-fd72&#8243;][vc_column_text]I Seniordrive Coach sono maestri conducenti esperti che hanno seguito un impegnativo corso di formazione per diventare Seniordrive Coach per anziani. I Seniordrive Coach hanno una responsabilit\u00e0 essenziale nel [&hellip;]<\/p>\n","protected":false},"author":1,"featured_media":0,"parent":5543,"menu_order":0,"comment_status":"closed","ping_status":"closed","template":"","meta":{"footnotes":""},"class_list":["post-5517","page","type-page","status-publish","hentry"],"yoast_head":"<!-- This site is optimized with the Yoast SEO plugin v25.9 - https:\/\/yoast.com\/wordpress\/plugins\/seo\/ -->\n<title>Domande e risposte - Seniordrive<\/title>\n<meta name=\"robots\" content=\"index, follow, max-snippet:-1, max-image-preview:large, max-video-preview:-1\" \/>\n<link rel=\"canonical\" href=\"https:\/\/seniordrive.ch\/it\/uebersicht-anzeigen\/domande-e-risposte\/\" \/>\n<meta property=\"og:locale\" content=\"it_IT\" \/>\n<meta property=\"og:type\" content=\"article\" \/>\n<meta property=\"og:title\" content=\"Domande e risposte - Seniordrive\" \/>\n<meta property=\"og:description\" content=\"[vc_row visibility=&#8221;hidden-xs,visible-sm,visible-md,visible-lg,visible-xlg&#8221;][vc_column][vc_custom_heading text=&#8221;Domande e risposte&#8221; font_container=&#8221;tag:h1|font_size:60|text_align:center|color:%23000000&#8243; use_theme_fonts=&#8221;yes&#8221; css=&#8221;.vc_custom_1622037280580{margin-top: 0px !important;padding-top: 40px !important;}&#8221;][\/vc_column][\/vc_row][vc_row visibility=&#8221;hidden-sm,hidden-md,hidden-lg,hidden-xlg,visible-xs&#8221;][vc_column][vc_custom_heading text=&#8221;Domande e risposte&#8221; font_container=&#8221;tag:h1|font_size:50|text_align:center|color:%23000000&#8243; use_theme_fonts=&#8221;yes&#8221; css=&#8221;.vc_custom_1622190669469{margin-top: 0px !important;padding-top: 40px !important;}&#8221;][\/vc_column][\/vc_row][vc_row][vc_column][vc_tta_accordion color=&#8221;white&#8221; gap=&#8221;10&#8243; active_section=&#8221;1&#8243;][vc_tta_section title=&#8221;Cosa sono i Seniordrive Coach?&#8221; tab_id=&#8221;1622037315782-7d943354-fd72&#8243;][vc_column_text]I Seniordrive Coach sono maestri conducenti esperti che hanno seguito un impegnativo corso di formazione per diventare Seniordrive Coach per anziani. I Seniordrive Coach hanno una responsabilit\u00e0 essenziale nel [&hellip;]\" \/>\n<meta property=\"og:url\" content=\"https:\/\/seniordrive.ch\/it\/uebersicht-anzeigen\/domande-e-risposte\/\" \/>\n<meta property=\"og:site_name\" content=\"Seniordrive\" \/>\n<meta property=\"article:modified_time\" content=\"2024-08-12T08:02:29+00:00\" \/>\n<meta name=\"twitter:card\" content=\"summary_large_image\" \/>\n<meta name=\"twitter:label1\" content=\"Tempo di lettura stimato\" \/>\n\t<meta name=\"twitter:data1\" content=\"3 minuti\" \/>\n<script type=\"application\/ld+json\" class=\"yoast-schema-graph\">{\"@context\":\"https:\/\/schema.org\",\"@graph\":[{\"@type\":\"WebPage\",\"@id\":\"https:\/\/seniordrive.ch\/it\/uebersicht-anzeigen\/domande-e-risposte\/\",\"url\":\"https:\/\/seniordrive.ch\/it\/uebersicht-anzeigen\/domande-e-risposte\/\",\"name\":\"Domande e risposte - Seniordrive\",\"isPartOf\":{\"@id\":\"https:\/\/seniordrive.ch\/#website\"},\"datePublished\":\"2024-07-11T14:59:27+00:00\",\"dateModified\":\"2024-08-12T08:02:29+00:00\",\"breadcrumb\":{\"@id\":\"https:\/\/seniordrive.ch\/it\/uebersicht-anzeigen\/domande-e-risposte\/#breadcrumb\"},\"inLanguage\":\"it-IT\",\"potentialAction\":[{\"@type\":\"ReadAction\",\"target\":[\"https:\/\/seniordrive.ch\/it\/uebersicht-anzeigen\/domande-e-risposte\/\"]}]},{\"@type\":\"BreadcrumbList\",\"@id\":\"https:\/\/seniordrive.ch\/it\/uebersicht-anzeigen\/domande-e-risposte\/#breadcrumb\",\"itemListElement\":[{\"@type\":\"ListItem\",\"position\":1,\"name\":\"Startseite\",\"item\":\"https:\/\/seniordrive.ch\/benvenuto-in-seniordrive\/\"},{\"@type\":\"ListItem\",\"position\":2,\"name\":\"\u00dcbersicht anzeigen\",\"item\":\"https:\/\/seniordrive.ch\/uebersicht-anzeigen\/\"},{\"@type\":\"ListItem\",\"position\":3,\"name\":\"Domande e risposte\"}]},{\"@type\":\"WebSite\",\"@id\":\"https:\/\/seniordrive.ch\/#website\",\"url\":\"https:\/\/seniordrive.ch\/\",\"name\":\"Seniordrive\",\"description\":\"Sicher mobil - auch im Alter\",\"potentialAction\":[{\"@type\":\"SearchAction\",\"target\":{\"@type\":\"EntryPoint\",\"urlTemplate\":\"https:\/\/seniordrive.ch\/?s={search_term_string}\"},\"query-input\":{\"@type\":\"PropertyValueSpecification\",\"valueRequired\":true,\"valueName\":\"search_term_string\"}}],\"inLanguage\":\"it-IT\"}]}<\/script>\n<!-- \/ Yoast SEO plugin. -->","yoast_head_json":{"title":"Domande e risposte - Seniordrive","robots":{"index":"index","follow":"follow","max-snippet":"max-snippet:-1","max-image-preview":"max-image-preview:large","max-video-preview":"max-video-preview:-1"},"canonical":"https:\/\/seniordrive.ch\/it\/uebersicht-anzeigen\/domande-e-risposte\/","og_locale":"it_IT","og_type":"article","og_title":"Domande e risposte - Seniordrive","og_description":"[vc_row visibility=&#8221;hidden-xs,visible-sm,visible-md,visible-lg,visible-xlg&#8221;][vc_column][vc_custom_heading text=&#8221;Domande e risposte&#8221; font_container=&#8221;tag:h1|font_size:60|text_align:center|color:%23000000&#8243; use_theme_fonts=&#8221;yes&#8221; css=&#8221;.vc_custom_1622037280580{margin-top: 0px !important;padding-top: 40px !important;}&#8221;][\/vc_column][\/vc_row][vc_row visibility=&#8221;hidden-sm,hidden-md,hidden-lg,hidden-xlg,visible-xs&#8221;][vc_column][vc_custom_heading text=&#8221;Domande e risposte&#8221; font_container=&#8221;tag:h1|font_size:50|text_align:center|color:%23000000&#8243; use_theme_fonts=&#8221;yes&#8221; css=&#8221;.vc_custom_1622190669469{margin-top: 0px !important;padding-top: 40px !important;}&#8221;][\/vc_column][\/vc_row][vc_row][vc_column][vc_tta_accordion color=&#8221;white&#8221; gap=&#8221;10&#8243; active_section=&#8221;1&#8243;][vc_tta_section title=&#8221;Cosa sono i Seniordrive Coach?&#8221; tab_id=&#8221;1622037315782-7d943354-fd72&#8243;][vc_column_text]I Seniordrive Coach sono maestri conducenti esperti che hanno seguito un impegnativo corso di formazione per diventare Seniordrive Coach per anziani. I Seniordrive Coach hanno una responsabilit\u00e0 essenziale nel [&hellip;]","og_url":"https:\/\/seniordrive.ch\/it\/uebersicht-anzeigen\/domande-e-risposte\/","og_site_name":"Seniordrive","article_modified_time":"2024-08-12T08:02:29+00:00","twitter_card":"summary_large_image","twitter_misc":{"Tempo di lettura stimato":"3 minuti"},"schema":{"@context":"https:\/\/schema.org","@graph":[{"@type":"WebPage","@id":"https:\/\/seniordrive.ch\/it\/uebersicht-anzeigen\/domande-e-risposte\/","url":"https:\/\/seniordrive.ch\/it\/uebersicht-anzeigen\/domande-e-risposte\/","name":"Domande e risposte - Seniordrive","isPartOf":{"@id":"https:\/\/seniordrive.ch\/#website"},"datePublished":"2024-07-11T14:59:27+00:00","dateModified":"2024-08-12T08:02:29+00:00","breadcrumb":{"@id":"https:\/\/seniordrive.ch\/it\/uebersicht-anzeigen\/domande-e-risposte\/#breadcrumb"},"inLanguage":"it-IT","potentialAction":[{"@type":"ReadAction","target":["https:\/\/seniordrive.ch\/it\/uebersicht-anzeigen\/domande-e-risposte\/"]}]},{"@type":"BreadcrumbList","@id":"https:\/\/seniordrive.ch\/it\/uebersicht-anzeigen\/domande-e-risposte\/#breadcrumb","itemListElement":[{"@type":"ListItem","position":1,"name":"Startseite","item":"https:\/\/seniordrive.ch\/benvenuto-in-seniordrive\/"},{"@type":"ListItem","position":2,"name":"\u00dcbersicht anzeigen","item":"https:\/\/seniordrive.ch\/uebersicht-anzeigen\/"},{"@type":"ListItem","position":3,"name":"Domande e risposte"}]},{"@type":"WebSite","@id":"https:\/\/seniordrive.ch\/#website","url":"https:\/\/seniordrive.ch\/","name":"Seniordrive","description":"Sicher mobil - auch im Alter","potentialAction":[{"@type":"SearchAction","target":{"@type":"EntryPoint","urlTemplate":"https:\/\/seniordrive.ch\/?s={search_term_string}"},"query-input":{"@type":"PropertyValueSpecification","valueRequired":true,"valueName":"search_term_string"}}],"inLanguage":"it-IT"}]}},"_links":{"self":[{"href":"https:\/\/seniordrive.ch\/it\/wp-json\/wp\/v2\/pages\/5517","targetHints":{"allow":["GET"]}}],"collection":[{"href":"https:\/\/seniordrive.ch\/it\/wp-json\/wp\/v2\/pages"}],"about":[{"href":"https:\/\/seniordrive.ch\/it\/wp-json\/wp\/v2\/types\/page"}],"author":[{"embeddable":true,"href":"https:\/\/seniordrive.ch\/it\/wp-json\/wp\/v2\/users\/1"}],"replies":[{"embeddable":true,"href":"https:\/\/seniordrive.ch\/it\/wp-json\/wp\/v2\/comments?post=5517"}],"version-history":[{"count":1,"href":"https:\/\/seniordrive.ch\/it\/wp-json\/wp\/v2\/pages\/5517\/revisions"}],"predecessor-version":[{"id":5544,"href":"https:\/\/seniordrive.ch\/it\/wp-json\/wp\/v2\/pages\/5517\/revisions\/5544"}],"up":[{"embeddable":true,"href":"https:\/\/seniordrive.ch\/it\/wp-json\/wp\/v2\/pages\/5543"}],"wp:attachment":[{"href":"https:\/\/seniordrive.ch\/it\/wp-json\/wp\/v2\/media?parent=5517"}],"curies":[{"name":"wp","href":"https:\/\/api.w.org\/{rel}","templated":true}]}}