{"id":5523,"date":"2024-08-12T09:59:12","date_gmt":"2024-08-12T07:59:12","guid":{"rendered":"https:\/\/seniordrive.ch\/benvenuto-in-seniordrive\/"},"modified":"2024-08-12T09:59:12","modified_gmt":"2024-08-12T07:59:12","slug":"benvenuto-in-seniordrive","status":"publish","type":"page","link":"https:\/\/seniordrive.ch\/it\/","title":{"rendered":"Benvenuto in Seniordrive"},"content":{"rendered":"<div class=\"wpb-content-wrapper\"><p>[vc_row full_height=&#8221;yes&#8221; text_color=&#8221;#ffffff&#8221; type=&#8221;image&#8221; bg_gradient=&#8221;yes&#8221; bg_position_horizontal=&#8221;center&#8221; enable_parallax=&#8221;false&#8221; bg_image=&#8221;5454&#8243;][vc_column css=&#8221;.vc_custom_1582643309946{padding-top: 40px !important;padding-bottom: 40px !important;}&#8221;][vc_row_inner][vc_column_inner][\/vc_column_inner][\/vc_row_inner][vc_custom_heading text=&#8221;Benvenuto in Seniordrive&#8221; font_container=&#8221;tag:h1|font_size:60|text_align:center|line_height:1%2C1&#8243; use_theme_fonts=&#8221;yes&#8221; css=&#8221;.vc_custom_1618902856344{padding-bottom: 25px !important;}&#8221;][vc_column_text]<\/p>\n<h2 style=\"text-align: center;\">Essere sicuri sulla strada \u00e8 la nostra massima priorit\u00e0.<br \/>\nPreparare gli utenti della strada \u00e8 la nostra via.<\/h2>\n<h2 style=\"text-align: center;\">Questo \u00e8 ci\u00f2 che Seniordrive rappresenta.<\/h2>\n<p>[\/vc_column_text][vc_row_inner][vc_column_inner width=&#8221;1\/3&#8243;]<div class=\"text-center\"><a class=\"btn btn-custom btn-xl\" href=\"https:\/\/seniordrive.ch\/seniordrive-coach-werden\/\" style=\"background-color: #2b6db5;color: #ffffff;\">Trovare un Seniordrive Coach<\/a><\/div>[\/vc_column_inner][vc_column_inner width=&#8221;1\/3&#8243;]<div class=\"text-center\"><a class=\"btn btn-custom btn-xl\" href=\"https:\/\/seniordrive.ch\/seniordrive-coach-finden\/\" style=\"background-color: #2b6db5;color: #ffffff;\">Trovare un Coach Seniordrive<\/a><\/div>[\/vc_column_inner][vc_column_inner width=&#8221;1\/3&#8243;]<div class=\"text-center\"><a class=\"btn btn-custom btn-xl\" href=\"https:\/\/seniordrive.ch\/aus-und-weiterbildungen\/kurse\/\" style=\"background-color: #2b6db5;color: #ffffff;\">Pratica di guida per Senior<\/a><\/div>[\/vc_column_inner][\/vc_row_inner][\/vc_column][\/vc_row]<\/p>\n<\/div>","protected":false},"excerpt":{"rendered":"<p>[vc_row full_height=&#8221;yes&#8221; text_color=&#8221;#ffffff&#8221; type=&#8221;image&#8221; bg_gradient=&#8221;yes&#8221; bg_position_horizontal=&#8221;center&#8221; enable_parallax=&#8221;false&#8221; bg_image=&#8221;5454&#8243;][vc_column css=&#8221;.vc_custom_1582643309946{padding-top: 40px !important;padding-bottom: 40px !important;}&#8221;][vc_row_inner][vc_column_inner][\/vc_column_inner][\/vc_row_inner][vc_custom_heading text=&#8221;Benvenuto in Seniordrive&#8221; font_container=&#8221;tag:h1|font_size:60|text_align:center|line_height:1%2C1&#8243; use_theme_fonts=&#8221;yes&#8221; css=&#8221;.vc_custom_1618902856344{padding-bottom: 25px !important;}&#8221;][vc_column_text] Essere sicuri sulla strada \u00e8 la nostra massima priorit\u00e0. Preparare gli utenti della strada \u00e8 la nostra via. Questo \u00e8 ci\u00f2 che Seniordrive rappresenta. [\/vc_column_text][vc_row_inner][vc_column_inner width=&#8221;1\/3&#8243;][\/vc_column_inner][vc_column_inner width=&#8221;1\/3&#8243;][\/vc_column_inner][vc_column_inner width=&#8221;1\/3&#8243;][\/vc_column_inner][\/vc_row_inner][\/vc_column][\/vc_row]<\/p>\n","protected":false},"author":1,"featured_media":0,"parent":0,"menu_order":0,"comment_status":"closed","ping_status":"closed","template":"","meta":{"footnotes":""},"class_list":["post-5523","page","type-page","status-publish","hentry"],"yoast_head":"<!-- This site is optimized with the Yoast SEO plugin v25.9 - https:\/\/yoast.com\/wordpress\/plugins\/seo\/ -->\n<title>Benvenuto in Seniordrive - Seniordrive<\/title>\n<meta name=\"robots\" content=\"index, follow, max-snippet:-1, max-image-preview:large, max-video-preview:-1\" \/>\n<link rel=\"canonical\" href=\"https:\/\/seniordrive.ch\/benvenuto-in-seniordrive\/\" \/>\n<meta property=\"og:locale\" content=\"it_IT\" \/>\n<meta property=\"og:type\" content=\"article\" \/>\n<meta property=\"og:title\" content=\"Benvenuto in Seniordrive - Seniordrive\" \/>\n<meta property=\"og:description\" content=\"[vc_row full_height=&#8221;yes&#8221; text_color=&#8221;#ffffff&#8221; type=&#8221;image&#8221; bg_gradient=&#8221;yes&#8221; bg_position_horizontal=&#8221;center&#8221; enable_parallax=&#8221;false&#8221; bg_image=&#8221;5454&#8243;][vc_column css=&#8221;.vc_custom_1582643309946{padding-top: 40px !important;padding-bottom: 40px !important;}&#8221;][vc_row_inner][vc_column_inner][\/vc_column_inner][\/vc_row_inner][vc_custom_heading text=&#8221;Benvenuto in Seniordrive&#8221; font_container=&#8221;tag:h1|font_size:60|text_align:center|line_height:1%2C1&#8243; use_theme_fonts=&#8221;yes&#8221; css=&#8221;.vc_custom_1618902856344{padding-bottom: 25px !important;}&#8221;][vc_column_text] Essere sicuri sulla strada \u00e8 la nostra massima priorit\u00e0. Preparare gli utenti della strada \u00e8 la nostra via. Questo \u00e8 ci\u00f2 che Seniordrive rappresenta. [\/vc_column_text][vc_row_inner][vc_column_inner width=&#8221;1\/3&#8243;][\/vc_column_inner][vc_column_inner width=&#8221;1\/3&#8243;][\/vc_column_inner][vc_column_inner width=&#8221;1\/3&#8243;][\/vc_column_inner][\/vc_row_inner][\/vc_column][\/vc_row]\" \/>\n<meta property=\"og:url\" content=\"https:\/\/seniordrive.ch\/benvenuto-in-seniordrive\/\" \/>\n<meta property=\"og:site_name\" content=\"Seniordrive\" \/>\n<meta name=\"twitter:card\" content=\"summary_large_image\" \/>\n<meta name=\"twitter:label1\" content=\"Tempo di lettura stimato\" \/>\n\t<meta name=\"twitter:data1\" content=\"1 minuto\" \/>\n<script type=\"application\/ld+json\" class=\"yoast-schema-graph\">{\"@context\":\"https:\/\/schema.org\",\"@graph\":[{\"@type\":\"WebPage\",\"@id\":\"https:\/\/seniordrive.ch\/benvenuto-in-seniordrive\/\",\"url\":\"https:\/\/seniordrive.ch\/benvenuto-in-seniordrive\/\",\"name\":\"Benvenuto in Seniordrive - Seniordrive\",\"isPartOf\":{\"@id\":\"https:\/\/seniordrive.ch\/#website\"},\"datePublished\":\"2024-08-12T07:59:12+00:00\",\"breadcrumb\":{\"@id\":\"https:\/\/seniordrive.ch\/benvenuto-in-seniordrive\/#breadcrumb\"},\"inLanguage\":\"it-IT\",\"potentialAction\":[{\"@type\":\"ReadAction\",\"target\":[\"https:\/\/seniordrive.ch\/benvenuto-in-seniordrive\/\"]}]},{\"@type\":\"BreadcrumbList\",\"@id\":\"https:\/\/seniordrive.ch\/benvenuto-in-seniordrive\/#breadcrumb\",\"itemListElement\":[{\"@type\":\"ListItem\",\"position\":1,\"name\":\"Startseite\",\"item\":\"https:\/\/seniordrive.ch\/benvenuto-in-seniordrive\/\"},{\"@type\":\"ListItem\",\"position\":2,\"name\":\"Benvenuto in Seniordrive\"}]},{\"@type\":\"WebSite\",\"@id\":\"https:\/\/seniordrive.ch\/#website\",\"url\":\"https:\/\/seniordrive.ch\/\",\"name\":\"Seniordrive\",\"description\":\"Sicher mobil - auch im Alter\",\"potentialAction\":[{\"@type\":\"SearchAction\",\"target\":{\"@type\":\"EntryPoint\",\"urlTemplate\":\"https:\/\/seniordrive.ch\/?s={search_term_string}\"},\"query-input\":{\"@type\":\"PropertyValueSpecification\",\"valueRequired\":true,\"valueName\":\"search_term_string\"}}],\"inLanguage\":\"it-IT\"}]}<\/script>\n<!-- \/ Yoast SEO plugin. -->","yoast_head_json":{"title":"Benvenuto in Seniordrive - Seniordrive","robots":{"index":"index","follow":"follow","max-snippet":"max-snippet:-1","max-image-preview":"max-image-preview:large","max-video-preview":"max-video-preview:-1"},"canonical":"https:\/\/seniordrive.ch\/benvenuto-in-seniordrive\/","og_locale":"it_IT","og_type":"article","og_title":"Benvenuto in Seniordrive - Seniordrive","og_description":"[vc_row full_height=&#8221;yes&#8221; text_color=&#8221;#ffffff&#8221; type=&#8221;image&#8221; bg_gradient=&#8221;yes&#8221; bg_position_horizontal=&#8221;center&#8221; enable_parallax=&#8221;false&#8221; bg_image=&#8221;5454&#8243;][vc_column css=&#8221;.vc_custom_1582643309946{padding-top: 40px !important;padding-bottom: 40px !important;}&#8221;][vc_row_inner][vc_column_inner][\/vc_column_inner][\/vc_row_inner][vc_custom_heading text=&#8221;Benvenuto in Seniordrive&#8221; font_container=&#8221;tag:h1|font_size:60|text_align:center|line_height:1%2C1&#8243; use_theme_fonts=&#8221;yes&#8221; css=&#8221;.vc_custom_1618902856344{padding-bottom: 25px !important;}&#8221;][vc_column_text] Essere sicuri sulla strada \u00e8 la nostra massima priorit\u00e0. Preparare gli utenti della strada \u00e8 la nostra via. Questo \u00e8 ci\u00f2 che Seniordrive rappresenta. [\/vc_column_text][vc_row_inner][vc_column_inner width=&#8221;1\/3&#8243;][\/vc_column_inner][vc_column_inner width=&#8221;1\/3&#8243;][\/vc_column_inner][vc_column_inner width=&#8221;1\/3&#8243;][\/vc_column_inner][\/vc_row_inner][\/vc_column][\/vc_row]","og_url":"https:\/\/seniordrive.ch\/benvenuto-in-seniordrive\/","og_site_name":"Seniordrive","twitter_card":"summary_large_image","twitter_misc":{"Tempo di lettura stimato":"1 minuto"},"schema":{"@context":"https:\/\/schema.org","@graph":[{"@type":"WebPage","@id":"https:\/\/seniordrive.ch\/benvenuto-in-seniordrive\/","url":"https:\/\/seniordrive.ch\/benvenuto-in-seniordrive\/","name":"Benvenuto in Seniordrive - Seniordrive","isPartOf":{"@id":"https:\/\/seniordrive.ch\/#website"},"datePublished":"2024-08-12T07:59:12+00:00","breadcrumb":{"@id":"https:\/\/seniordrive.ch\/benvenuto-in-seniordrive\/#breadcrumb"},"inLanguage":"it-IT","potentialAction":[{"@type":"ReadAction","target":["https:\/\/seniordrive.ch\/benvenuto-in-seniordrive\/"]}]},{"@type":"BreadcrumbList","@id":"https:\/\/seniordrive.ch\/benvenuto-in-seniordrive\/#breadcrumb","itemListElement":[{"@type":"ListItem","position":1,"name":"Startseite","item":"https:\/\/seniordrive.ch\/benvenuto-in-seniordrive\/"},{"@type":"ListItem","position":2,"name":"Benvenuto in Seniordrive"}]},{"@type":"WebSite","@id":"https:\/\/seniordrive.ch\/#website","url":"https:\/\/seniordrive.ch\/","name":"Seniordrive","description":"Sicher mobil - auch im Alter","potentialAction":[{"@type":"SearchAction","target":{"@type":"EntryPoint","urlTemplate":"https:\/\/seniordrive.ch\/?s={search_term_string}"},"query-input":{"@type":"PropertyValueSpecification","valueRequired":true,"valueName":"search_term_string"}}],"inLanguage":"it-IT"}]}},"_links":{"self":[{"href":"https:\/\/seniordrive.ch\/it\/wp-json\/wp\/v2\/pages\/5523","targetHints":{"allow":["GET"]}}],"collection":[{"href":"https:\/\/seniordrive.ch\/it\/wp-json\/wp\/v2\/pages"}],"about":[{"href":"https:\/\/seniordrive.ch\/it\/wp-json\/wp\/v2\/types\/page"}],"author":[{"embeddable":true,"href":"https:\/\/seniordrive.ch\/it\/wp-json\/wp\/v2\/users\/1"}],"replies":[{"embeddable":true,"href":"https:\/\/seniordrive.ch\/it\/wp-json\/wp\/v2\/comments?post=5523"}],"version-history":[{"count":0,"href":"https:\/\/seniordrive.ch\/it\/wp-json\/wp\/v2\/pages\/5523\/revisions"}],"wp:attachment":[{"href":"https:\/\/seniordrive.ch\/it\/wp-json\/wp\/v2\/media?parent=5523"}],"curies":[{"name":"wp","href":"https:\/\/api.w.org\/{rel}","templated":true}]}}