{"id":5534,"date":"2024-08-12T09:59:36","date_gmt":"2024-08-12T07:59:36","guid":{"rendered":"https:\/\/seniordrive.ch\/chi-siamo\/"},"modified":"2025-02-05T15:13:49","modified_gmt":"2025-02-05T14:13:49","slug":"chi-siamo","status":"publish","type":"page","link":"https:\/\/seniordrive.ch\/it\/chi-siamo\/","title":{"rendered":"Chi Siamo"},"content":{"rendered":"<div class=\"wpb-content-wrapper\"><p>[vc_row visibility=&#8221;hidden-xs,visible-sm,visible-md,visible-lg,visible-xlg&#8221;][vc_column][vc_custom_heading text=&#8221;Seniordrive &#8211; chi siamo&#8221; font_container=&#8221;tag:h1|font_size:60|text_align:center|color:%23000000&#8243; use_theme_fonts=&#8221;yes&#8221; css=&#8221;.vc_custom_1684139318347{margin-top: 0px !important;padding-top: 40px !important;}&#8221;][\/vc_column][\/vc_row][vc_row visibility=&#8221;hidden-xs,visible-sm,visible-md,visible-lg,visible-xlg&#8221;][vc_column][vc_column_text]<\/p>\n<h2>Seniordrive \u00e8 un&#8217;organizzazione impegnata nella sicurezza stradale. L&#8217;accento \u00e8 posto sull&#8217;istruzione e la formazione degli utenti della strada pi\u00f9 anziani.<\/h2>\n<p>[\/vc_column_text][vc_column_text]Seniordrive Seniordrive \u00e8 attiva nel campo della sicurezza stradale ed \u00e8 particolarmente impegnata nella mobilit\u00e0 sicura e competente dei conducenti maturi. forma istruttori di guida per diventareSeniordrive Coaches formare istruttori di guida. Seniordrive Nel farlo, collabora con medici, cliniche, compagnie assicurative, autorit\u00e0 e altre istituzioni.  <\/p>\n<p>Seniordrive Seniordrive In seguito alla trasformazione dell&#8217;Associazione svizzera dei consulenti di guida in , si \u00e8 associata a<a href=\"https:\/\/swissdrive.ch\/\" target=\"_blank\" rel=\"noopener\">Swissdrive<\/a>Swissdrive Swissdrive al fine di utilizzare la piattaforma di comunicazione di e beneficiare del livello di consapevolezza di .<\/p>\n<p>Swissdrive Swissdrive coordina i temi centrali della sicurezza stradale e della mobilit\u00e0 in relazione all&#8217;educazione e alla formazione degli utenti della strada come centro di competenze.  La visione \u00e8 quella di essere la forza trainante nelle questioni del traffico, della prevenzione e della formazione alla guida con una voce unificata. Connettendosi come una &#8220;comunit\u00e0 di guida&#8221; competente, si possono realizzare strategie visionarie per migliorare la sicurezza stradale.[\/vc_column_text][\/vc_column][\/vc_row][vc_row visibility=&#8221;hidden-xs,visible-sm,visible-md,visible-lg,visible-xlg&#8221;][vc_column][vc_custom_heading text=&#8221;Consiglio di amministrazione Seniordrive&#8221; font_container=&#8221;tag:h1|font_size:60|text_align:center|color:%23000000&#8243; use_theme_fonts=&#8221;yes&#8221; css=&#8221;.vc_custom_1619099347862{margin-top: 0px !important;padding-top: 40px !important;}&#8221;][\/vc_column][\/vc_row][vc_row gap=&#8221;35&#8243; content_placement=&#8221;top&#8221; text_color=&#8221;#000000&#8243;][vc_column width=&#8221;1\/3&#8243;][vc_single_image image=&#8221;5326&#8243; img_size=&#8221;medium&#8221; alignment=&#8221;center&#8221;][vc_column_text text_color=&#8221;#000000&#8243;]<\/p>\n<h3 style=\"text-align: center;\"><strong>Toni Kalberer<\/strong><\/h3>\n<p style=\"text-align: center;\">Presidente<br \/>Seniordrive Coach<\/p>\n<p style=\"text-align: center;\">+41 79 355 15 55<a href=\"mailto:toni.kalberer@seniordrive.ch\">toni.kalberer@seniordrive.ch<\/a>[\/vc_column_text][vc_column_text css=&#8221;.vc_custom_1632317677489{margin-top: -5px !important;margin-bottom: 15px !important;}&#8221;]<\/p>\n<p style=\"text-align: center;\">Maestro conducente per auto, rimorchi, taxi e moto<\/p>\n<p>[\/vc_column_text][\/vc_column][vc_column width=&#8221;1\/3&#8243;][vc_single_image image=&#8221;5885&#8243; img_size=&#8221;medium&#8221; alignment=&#8221;center&#8221;][vc_column_text text_color=&#8221;#000000&#8243;]<\/p>\n<h3 style=\"text-align: center;\"><strong>Andy Schwendener<\/strong><\/h3>\n<p style=\"text-align: center;\">Vicepresidente<br \/>Seniordrive Coach<\/p>\n<p style=\"text-align: center;\">+41 78 805 01 95<a href=\"mailto:andy.schwendener@seniordrive.ch\">andy.schwendener@seniordrive.ch<\/a>[\/vc_column_text][vc_column_text css=&#8221;.vc_custom_1707388023069{margin-top: -5px !important;margin-bottom: 15px !important;}&#8221;]<\/p>\n<p style=\"text-align: center;\">Maestro conducente per auto e handicap<\/p>\n<p>[\/vc_column_text][\/vc_column][vc_column width=&#8221;1\/3&#8243;][vc_single_image image=&#8221;5492&#8243; img_size=&#8221;medium&#8221; alignment=&#8221;center&#8221;][vc_column_text text_color=&#8221;#000000&#8243;]<\/p>\n<h3 style=\"text-align: center;\"><strong>Jean-Pierre Koch<\/strong><\/h3>\n<p style=\"text-align: center;\">Responsabile Formazione e Sviluppo Responsabile Progetti<br \/>Seniordrive Coach<\/p>\n<p style=\"text-align: center;\">+41 79 288 18 07<a href=\"mailto:jean-pierre.koch@seniordrive.ch\">jean-pierre.koch@seniordrive.ch<\/a>[\/vc_column_text][vc_column_text css=&#8221;.vc_custom_1707917295190{margin-top: -5px !important;margin-bottom: 15px !important;}&#8221;]<\/p>\n<p style=\"text-align: center;\">Maestro conducente per auto, rimorchi e moto, moderatore Corso 2 Fasi, istruttore di sicurezza alla guida<\/p>\n<p>[\/vc_column_text][\/vc_column][\/vc_row][vc_row gap=&#8221;30&#8243; content_placement=&#8221;top&#8221; text_color=&#8221;#000000&#8243; padding_bottom=&#8221;80&#8243;][vc_column width=&#8221;1\/3&#8243;][vc_single_image image=&#8221;5483&#8243; img_size=&#8221;medium&#8221; alignment=&#8221;center&#8221;][vc_column_text text_color=&#8221;#000000&#8243;]<\/p>\n<h3 style=\"text-align: center;\"><strong>S\u00e9bastien Tombez<\/strong><\/h3>\n<p style=\"text-align: center;\">Seniordrive Capo della Romandia<br \/>Seniordrive Coach<\/p>\n<p style=\"text-align: center;\">+41 79 634 54 87<a href=\"mailto:sebastien.tombez@seniordrive.ch\">sebastien.tombez@seniordrive.ch<\/a>[\/vc_column_text][vc_column_text css=&#8221;.vc_custom_1707388047660{margin-top: -5px !important;margin-bottom: 15px !important;}&#8221;]<\/p>\n<p style=\"text-align: center;\">Maestro conducente per auto e handicap<\/p>\n<p>[\/vc_column_text][\/vc_column][vc_column width=&#8221;1\/3&#8243;][vc_single_image image=&#8221;5485&#8243; img_size=&#8221;medium&#8221; alignment=&#8221;center&#8221;][vc_column_text text_color=&#8221;#000000&#8243;]<\/p>\n<h3 style=\"text-align: center;\"><strong>Hansj\u00fcrg Gafner<\/strong><\/h3>\n<p style=\"text-align: center;\">Responsabile della contabilit\u00e0 e del negozio<br \/>Seniordrive Coach<\/p>\n<p style=\"text-align: center;\">+41 79 301 96 49<a href=\"mailto:hansjuerg.gafner@seniordrive.ch\">hansjuerg.gafner@seniordrive.ch<\/a>[\/vc_column_text][vc_column_text css=&#8221;.vc_custom_1707725640391{margin-top: -5px !important;margin-bottom: 15px !important;}&#8221;]<\/p>\n<p style=\"text-align: center;\">Maestro conducente per auto, handicap e moto<\/p>\n<p>[\/vc_column_text][\/vc_column][vc_column width=&#8221;1\/3&#8243;][vc_single_image image=&#8221;5328&#8243; img_size=&#8221;medium&#8221; alignment=&#8221;center&#8221;][vc_column_text]<\/p>\n<h3 style=\"text-align: center;\"><strong>Daniel Menzi<\/strong><\/h3>\n<p style=\"text-align: center;\">Responsabile della comunicazione<br \/>Seniordrive Coach<\/p>\n<p style=\"text-align: center;\">+41 79 200 99 77<a href=\"mailto:daniel.menzi@seniordrive.ch\">daniel.menzi@seniordrive.ch<\/a>[\/vc_column_text][vc_column_text]<\/p>\n<p style=\"text-align: center;\">Specialista della comunicazione, istruttore di sicurezza alla guida, moderatore Corso 2 Fasi, Maestro conducente auto<\/p>\n<p>[\/vc_column_text][\/vc_column][\/vc_row][vc_row visibility=&#8221;hidden-sm,hidden-md,hidden-lg,hidden-xlg,visible-xs&#8221;][vc_column][vc_custom_heading text=&#8221;Sulla nostra associazione&#8221; font_container=&#8221;tag:h1|font_size:50|text_align:center|color:%23000000&#8243; use_theme_fonts=&#8221;yes&#8221; css=&#8221;.vc_custom_1626168050359{margin-top: 0px !important;padding-top: 40px !important;}&#8221;][\/vc_column][\/vc_row][vc_row gap=&#8221;35&#8243; content_placement=&#8221;middle&#8221; text_align=&#8221;center&#8221; text_color=&#8221;#000000&#8243; visibility=&#8221;hidden-xs,hidden-sm,hidden-md,hidden-lg,hidden-xlg,visible-xs,visible-sm,visible-md,visible-lg,visible-xlg&#8221;][vc_column][vc_single_image image=&#8221;3920&#8243; alignment=&#8221;center&#8221;]<a class=\"btn btn-primary btn-lg\" href=\"https:\/\/seniordrive.ch\/wp-content\/uploads\/2023\/03\/Statuten-22.06.2022.pdf\" target=\"_blank\">Scaricare la lista dei membri in PDF<\/a>[\/vc_column][\/vc_row][vc_row type=&#8221;image&#8221; bg_position_horizontal=&#8221;right&#8221; enable_parallax=&#8221;false&#8221; fixed_height=&#8221;250&#8243; bg_image=&#8221;3643&#8243;][vc_column][\/vc_column][\/vc_row]<\/p>\n<\/div>","protected":false},"excerpt":{"rendered":"<p>[vc_row visibility=&#8221;hidden-xs,visible-sm,visible-md,visible-lg,visible-xlg&#8221;][vc_column][vc_custom_heading text=&#8221;Seniordrive &#8211; chi siamo&#8221; font_container=&#8221;tag:h1|font_size:60|text_align:center|color:%23000000&#8243; use_theme_fonts=&#8221;yes&#8221; css=&#8221;.vc_custom_1684139318347{margin-top: 0px !important;padding-top: 40px !important;}&#8221;][\/vc_column][\/vc_row][vc_row visibility=&#8221;hidden-xs,visible-sm,visible-md,visible-lg,visible-xlg&#8221;][vc_column][vc_column_text] Seniordrive \u00e8 un&#8217;organizzazione impegnata nella sicurezza stradale. L&#8217;accento \u00e8 posto sull&#8217;istruzione e la formazione degli utenti della strada pi\u00f9 anziani. [\/vc_column_text][vc_column_text]Seniordrive Seniordrive \u00e8 attiva nel campo della sicurezza stradale ed \u00e8 particolarmente impegnata nella mobilit\u00e0 sicura e competente dei conducenti maturi. forma istruttori di guida per [&hellip;]<\/p>\n","protected":false},"author":1,"featured_media":0,"parent":0,"menu_order":0,"comment_status":"closed","ping_status":"closed","template":"","meta":{"footnotes":""},"class_list":["post-5534","page","type-page","status-publish","hentry"],"yoast_head":"<!-- This site is optimized with the Yoast SEO plugin v25.9 - https:\/\/yoast.com\/wordpress\/plugins\/seo\/ -->\n<title>Chi Siamo - Seniordrive<\/title>\n<meta name=\"robots\" content=\"index, follow, max-snippet:-1, max-image-preview:large, max-video-preview:-1\" \/>\n<link rel=\"canonical\" href=\"https:\/\/seniordrive.ch\/it\/chi-siamo\/\" \/>\n<meta property=\"og:locale\" content=\"it_IT\" \/>\n<meta property=\"og:type\" content=\"article\" \/>\n<meta property=\"og:title\" content=\"Chi Siamo - Seniordrive\" \/>\n<meta property=\"og:description\" content=\"[vc_row visibility=&#8221;hidden-xs,visible-sm,visible-md,visible-lg,visible-xlg&#8221;][vc_column][vc_custom_heading text=&#8221;Seniordrive &#8211; chi siamo&#8221; font_container=&#8221;tag:h1|font_size:60|text_align:center|color:%23000000&#8243; use_theme_fonts=&#8221;yes&#8221; css=&#8221;.vc_custom_1684139318347{margin-top: 0px !important;padding-top: 40px !important;}&#8221;][\/vc_column][\/vc_row][vc_row visibility=&#8221;hidden-xs,visible-sm,visible-md,visible-lg,visible-xlg&#8221;][vc_column][vc_column_text] Seniordrive \u00e8 un&#8217;organizzazione impegnata nella sicurezza stradale. L&#8217;accento \u00e8 posto sull&#8217;istruzione e la formazione degli utenti della strada pi\u00f9 anziani. [\/vc_column_text][vc_column_text]Seniordrive Seniordrive \u00e8 attiva nel campo della sicurezza stradale ed \u00e8 particolarmente impegnata nella mobilit\u00e0 sicura e competente dei conducenti maturi. forma istruttori di guida per [&hellip;]\" \/>\n<meta property=\"og:url\" content=\"https:\/\/seniordrive.ch\/it\/chi-siamo\/\" \/>\n<meta property=\"og:site_name\" content=\"Seniordrive\" \/>\n<meta property=\"article:modified_time\" content=\"2025-02-05T14:13:49+00:00\" \/>\n<meta name=\"twitter:card\" content=\"summary_large_image\" \/>\n<meta name=\"twitter:label1\" content=\"Tempo di lettura stimato\" \/>\n\t<meta name=\"twitter:data1\" content=\"4 minuti\" \/>\n<script type=\"application\/ld+json\" class=\"yoast-schema-graph\">{\"@context\":\"https:\/\/schema.org\",\"@graph\":[{\"@type\":\"WebPage\",\"@id\":\"https:\/\/seniordrive.ch\/it\/chi-siamo\/\",\"url\":\"https:\/\/seniordrive.ch\/it\/chi-siamo\/\",\"name\":\"Chi Siamo - Seniordrive\",\"isPartOf\":{\"@id\":\"https:\/\/seniordrive.ch\/#website\"},\"datePublished\":\"2024-08-12T07:59:36+00:00\",\"dateModified\":\"2025-02-05T14:13:49+00:00\",\"breadcrumb\":{\"@id\":\"https:\/\/seniordrive.ch\/it\/chi-siamo\/#breadcrumb\"},\"inLanguage\":\"it-IT\",\"potentialAction\":[{\"@type\":\"ReadAction\",\"target\":[\"https:\/\/seniordrive.ch\/it\/chi-siamo\/\"]}]},{\"@type\":\"BreadcrumbList\",\"@id\":\"https:\/\/seniordrive.ch\/it\/chi-siamo\/#breadcrumb\",\"itemListElement\":[{\"@type\":\"ListItem\",\"position\":1,\"name\":\"Startseite\",\"item\":\"https:\/\/seniordrive.ch\/benvenuto-in-seniordrive\/\"},{\"@type\":\"ListItem\",\"position\":2,\"name\":\"Chi Siamo\"}]},{\"@type\":\"WebSite\",\"@id\":\"https:\/\/seniordrive.ch\/#website\",\"url\":\"https:\/\/seniordrive.ch\/\",\"name\":\"Seniordrive\",\"description\":\"Sicher mobil - auch im Alter\",\"potentialAction\":[{\"@type\":\"SearchAction\",\"target\":{\"@type\":\"EntryPoint\",\"urlTemplate\":\"https:\/\/seniordrive.ch\/?s={search_term_string}\"},\"query-input\":{\"@type\":\"PropertyValueSpecification\",\"valueRequired\":true,\"valueName\":\"search_term_string\"}}],\"inLanguage\":\"it-IT\"}]}<\/script>\n<!-- \/ Yoast SEO plugin. -->","yoast_head_json":{"title":"Chi Siamo - Seniordrive","robots":{"index":"index","follow":"follow","max-snippet":"max-snippet:-1","max-image-preview":"max-image-preview:large","max-video-preview":"max-video-preview:-1"},"canonical":"https:\/\/seniordrive.ch\/it\/chi-siamo\/","og_locale":"it_IT","og_type":"article","og_title":"Chi Siamo - Seniordrive","og_description":"[vc_row visibility=&#8221;hidden-xs,visible-sm,visible-md,visible-lg,visible-xlg&#8221;][vc_column][vc_custom_heading text=&#8221;Seniordrive &#8211; chi siamo&#8221; font_container=&#8221;tag:h1|font_size:60|text_align:center|color:%23000000&#8243; use_theme_fonts=&#8221;yes&#8221; css=&#8221;.vc_custom_1684139318347{margin-top: 0px !important;padding-top: 40px !important;}&#8221;][\/vc_column][\/vc_row][vc_row visibility=&#8221;hidden-xs,visible-sm,visible-md,visible-lg,visible-xlg&#8221;][vc_column][vc_column_text] Seniordrive \u00e8 un&#8217;organizzazione impegnata nella sicurezza stradale. L&#8217;accento \u00e8 posto sull&#8217;istruzione e la formazione degli utenti della strada pi\u00f9 anziani. [\/vc_column_text][vc_column_text]Seniordrive Seniordrive \u00e8 attiva nel campo della sicurezza stradale ed \u00e8 particolarmente impegnata nella mobilit\u00e0 sicura e competente dei conducenti maturi. forma istruttori di guida per [&hellip;]","og_url":"https:\/\/seniordrive.ch\/it\/chi-siamo\/","og_site_name":"Seniordrive","article_modified_time":"2025-02-05T14:13:49+00:00","twitter_card":"summary_large_image","twitter_misc":{"Tempo di lettura stimato":"4 minuti"},"schema":{"@context":"https:\/\/schema.org","@graph":[{"@type":"WebPage","@id":"https:\/\/seniordrive.ch\/it\/chi-siamo\/","url":"https:\/\/seniordrive.ch\/it\/chi-siamo\/","name":"Chi Siamo - Seniordrive","isPartOf":{"@id":"https:\/\/seniordrive.ch\/#website"},"datePublished":"2024-08-12T07:59:36+00:00","dateModified":"2025-02-05T14:13:49+00:00","breadcrumb":{"@id":"https:\/\/seniordrive.ch\/it\/chi-siamo\/#breadcrumb"},"inLanguage":"it-IT","potentialAction":[{"@type":"ReadAction","target":["https:\/\/seniordrive.ch\/it\/chi-siamo\/"]}]},{"@type":"BreadcrumbList","@id":"https:\/\/seniordrive.ch\/it\/chi-siamo\/#breadcrumb","itemListElement":[{"@type":"ListItem","position":1,"name":"Startseite","item":"https:\/\/seniordrive.ch\/benvenuto-in-seniordrive\/"},{"@type":"ListItem","position":2,"name":"Chi Siamo"}]},{"@type":"WebSite","@id":"https:\/\/seniordrive.ch\/#website","url":"https:\/\/seniordrive.ch\/","name":"Seniordrive","description":"Sicher mobil - auch im Alter","potentialAction":[{"@type":"SearchAction","target":{"@type":"EntryPoint","urlTemplate":"https:\/\/seniordrive.ch\/?s={search_term_string}"},"query-input":{"@type":"PropertyValueSpecification","valueRequired":true,"valueName":"search_term_string"}}],"inLanguage":"it-IT"}]}},"_links":{"self":[{"href":"https:\/\/seniordrive.ch\/it\/wp-json\/wp\/v2\/pages\/5534","targetHints":{"allow":["GET"]}}],"collection":[{"href":"https:\/\/seniordrive.ch\/it\/wp-json\/wp\/v2\/pages"}],"about":[{"href":"https:\/\/seniordrive.ch\/it\/wp-json\/wp\/v2\/types\/page"}],"author":[{"embeddable":true,"href":"https:\/\/seniordrive.ch\/it\/wp-json\/wp\/v2\/users\/1"}],"replies":[{"embeddable":true,"href":"https:\/\/seniordrive.ch\/it\/wp-json\/wp\/v2\/comments?post=5534"}],"version-history":[{"count":2,"href":"https:\/\/seniordrive.ch\/it\/wp-json\/wp\/v2\/pages\/5534\/revisions"}],"predecessor-version":[{"id":5890,"href":"https:\/\/seniordrive.ch\/it\/wp-json\/wp\/v2\/pages\/5534\/revisions\/5890"}],"wp:attachment":[{"href":"https:\/\/seniordrive.ch\/it\/wp-json\/wp\/v2\/media?parent=5534"}],"curies":[{"name":"wp","href":"https:\/\/api.w.org\/{rel}","templated":true}]}}