{"id":5540,"date":"2024-08-12T10:00:24","date_gmt":"2024-08-12T08:00:24","guid":{"rendered":"https:\/\/seniordrive.ch\/formazione-e-formazione-continua\/refresher-60plus-kurs\/"},"modified":"2024-08-12T10:00:24","modified_gmt":"2024-08-12T08:00:24","slug":"refresher-60plus-kurs","status":"publish","type":"page","link":"https:\/\/seniordrive.ch\/it\/formazione-e-formazione-continua\/refresher-60plus-kurs\/","title":{"rendered":"Refresher 60Plus Kurs"},"content":{"rendered":"<div class=\"wpb-content-wrapper\"><p>[vc_row][vc_column][vc_custom_heading text=&#8221;Refresher 60Plus Kurs&#8221; font_container=&#8221;tag:h1|font_size:60|text_align:center&#8221; use_theme_fonts=&#8221;yes&#8221;][\/vc_column][\/vc_row][vc_row][vc_column][vc_column_text font_size=&#8221;21&#8243; line_height=&#8221;1.2em&#8221;]Questo corso \u00e8 destinato ai conducenti della categoria B che hanno raggiunto o superato i 60 anni di et\u00e0 e desiderano migliorare specificamente le loro competenze di guida. Per garantire che tu possa guidare il tuo veicolo in modo sicuro nel traffico stradale, sia per te che per gli altri utenti della strada, \u00e8 fondamentale un continuo aggiornamento sulle norme del traffico e sull&#8217;uso del veicolo.<\/p>\n<p>In questo corso di guida, miglioriamo le nostre capacit\u00e0 di guida attraverso esercizi pratici e quindi aumentiamo la nostra sicurezza stradale e riconosciamo i nostri limiti. Impariamo a rendere il nostro stile di guida difensivo e prudente per ridurre al minimo i rischi nel traffico stradale. Il nostro obiettivo \u00e8 chiaro: vogliamo goderci la nostra libert\u00e0 guidando il pi\u00f9 a lungo possibile, ma essere comunque sicuri e, soprattutto, senza incidenti sulla strada. Vogliamo compensare gli errori durante i nostri viaggi con le nostre abilit\u00e0, non contando sulla fortuna![\/vc_column_text][vc_column_text font_size=&#8221;21&#8243; line_height=&#8221;1.2em&#8221;]Durata del corso: 3 ore<\/p>\n<p>* Guida la tua auto<br \/>\n* La tua auto deve essere in condizioni di sicurezza operative (pneumatici, pressione dell&#8217;aria, luci, freni, ecc.)<br \/>\n* Il serbatoio deve essere pieno di carburante<br \/>\n* Il corso si svolge con qualsiasi condizione atmosferica, una volta raggiunto il numero minimo di partecipanti<br \/>\n* Si prega di portare con s\u00e9 i seguenti documenti: licenza di condurre, licenza di circolazione<br \/>\n* La quota del corso dovr\u00e0 essere pagata con TWINT o in contanti all&#8217;inizio del corso<br \/>\n* Le cancellazioni sono possibili con avviso scritto (e-mail, WhatsApp, SMS) all&#8217;istruttore del corso fino a 7 giorni lavorativi prima dell&#8217;inizio del corso[\/vc_column_text][\/vc_column][\/vc_row][vc_row][vc_column][vc_column_text]<iframe src=\"https:\/\/app1.edoobox.com\/-ts\/Fahrtraining%20Refresher%2060%20Plus?edref=ts\" name=\"edooboxFrame_ts\" id=\"edoobox_ts\" style=\"border:none; width:100%; height:600px;\" frameborder=\"0\" seamless=\"\" data-scrolltop=\"\"><a href=\"https:\/\/app1.edoobox.com\/-ts\/Fahrtraining%20Refresher%2060%20Plus?edref=ts\">Mostrare panoraminca<\/a><\/iframe><script type=\"text\/javascript\" src=\"https:\/\/cdn1.edoobox.com\/edoobox.iframe.embedded.v2.2.5.js\"><\/script>[\/vc_column_text][\/vc_column][\/vc_row]<\/p>\n<\/div>","protected":false},"excerpt":{"rendered":"<p>[vc_row][vc_column][vc_custom_heading text=&#8221;Refresher 60Plus Kurs&#8221; font_container=&#8221;tag:h1|font_size:60|text_align:center&#8221; use_theme_fonts=&#8221;yes&#8221;][\/vc_column][\/vc_row][vc_row][vc_column][vc_column_text font_size=&#8221;21&#8243; line_height=&#8221;1.2em&#8221;]Questo corso \u00e8 destinato ai conducenti della categoria B che hanno raggiunto o superato i 60 anni di et\u00e0 e desiderano migliorare specificamente le loro competenze di guida. Per garantire che tu possa guidare il tuo veicolo in modo sicuro nel traffico stradale, sia per te che per gli altri utenti della strada, [&hellip;]<\/p>\n","protected":false},"author":9,"featured_media":0,"parent":5510,"menu_order":0,"comment_status":"closed","ping_status":"closed","template":"","meta":{"footnotes":""},"class_list":["post-5540","page","type-page","status-publish","hentry"],"yoast_head":"<!-- This site is optimized with the Yoast SEO plugin v25.9 - https:\/\/yoast.com\/wordpress\/plugins\/seo\/ -->\n<title>Refresher 60Plus Kurs - Seniordrive<\/title>\n<meta name=\"robots\" content=\"index, follow, max-snippet:-1, max-image-preview:large, max-video-preview:-1\" \/>\n<link rel=\"canonical\" href=\"https:\/\/seniordrive.ch\/formazione-e-formazione-continua\/refresher-60plus-kurs\/\" \/>\n<meta property=\"og:locale\" content=\"it_IT\" \/>\n<meta property=\"og:type\" content=\"article\" \/>\n<meta property=\"og:title\" content=\"Refresher 60Plus Kurs - Seniordrive\" \/>\n<meta property=\"og:description\" content=\"[vc_row][vc_column][vc_custom_heading text=&#8221;Refresher 60Plus Kurs&#8221; font_container=&#8221;tag:h1|font_size:60|text_align:center&#8221; use_theme_fonts=&#8221;yes&#8221;][\/vc_column][\/vc_row][vc_row][vc_column][vc_column_text font_size=&#8221;21&#8243; line_height=&#8221;1.2em&#8221;]Questo corso \u00e8 destinato ai conducenti della categoria B che hanno raggiunto o superato i 60 anni di et\u00e0 e desiderano migliorare specificamente le loro competenze di guida. Per garantire che tu possa guidare il tuo veicolo in modo sicuro nel traffico stradale, sia per te che per gli altri utenti della strada, [&hellip;]\" \/>\n<meta property=\"og:url\" content=\"https:\/\/seniordrive.ch\/formazione-e-formazione-continua\/refresher-60plus-kurs\/\" \/>\n<meta property=\"og:site_name\" content=\"Seniordrive\" \/>\n<meta name=\"twitter:card\" content=\"summary_large_image\" \/>\n<meta name=\"twitter:label1\" content=\"Tempo di lettura stimato\" \/>\n\t<meta name=\"twitter:data1\" content=\"2 minuti\" \/>\n<script type=\"application\/ld+json\" class=\"yoast-schema-graph\">{\"@context\":\"https:\/\/schema.org\",\"@graph\":[{\"@type\":\"WebPage\",\"@id\":\"https:\/\/seniordrive.ch\/formazione-e-formazione-continua\/refresher-60plus-kurs\/\",\"url\":\"https:\/\/seniordrive.ch\/formazione-e-formazione-continua\/refresher-60plus-kurs\/\",\"name\":\"Refresher 60Plus Kurs - Seniordrive\",\"isPartOf\":{\"@id\":\"https:\/\/seniordrive.ch\/#website\"},\"datePublished\":\"2024-08-12T08:00:24+00:00\",\"breadcrumb\":{\"@id\":\"https:\/\/seniordrive.ch\/formazione-e-formazione-continua\/refresher-60plus-kurs\/#breadcrumb\"},\"inLanguage\":\"it-IT\",\"potentialAction\":[{\"@type\":\"ReadAction\",\"target\":[\"https:\/\/seniordrive.ch\/formazione-e-formazione-continua\/refresher-60plus-kurs\/\"]}]},{\"@type\":\"BreadcrumbList\",\"@id\":\"https:\/\/seniordrive.ch\/formazione-e-formazione-continua\/refresher-60plus-kurs\/#breadcrumb\",\"itemListElement\":[{\"@type\":\"ListItem\",\"position\":1,\"name\":\"Startseite\",\"item\":\"https:\/\/seniordrive.ch\/benvenuto-in-seniordrive\/\"},{\"@type\":\"ListItem\",\"position\":2,\"name\":\"Formazione e formazione continua\",\"item\":\"https:\/\/seniordrive.ch\/formazione-e-formazione-continua\/\"},{\"@type\":\"ListItem\",\"position\":3,\"name\":\"Refresher 60Plus Kurs\"}]},{\"@type\":\"WebSite\",\"@id\":\"https:\/\/seniordrive.ch\/#website\",\"url\":\"https:\/\/seniordrive.ch\/\",\"name\":\"Seniordrive\",\"description\":\"Sicher mobil - auch im Alter\",\"potentialAction\":[{\"@type\":\"SearchAction\",\"target\":{\"@type\":\"EntryPoint\",\"urlTemplate\":\"https:\/\/seniordrive.ch\/?s={search_term_string}\"},\"query-input\":{\"@type\":\"PropertyValueSpecification\",\"valueRequired\":true,\"valueName\":\"search_term_string\"}}],\"inLanguage\":\"it-IT\"}]}<\/script>\n<!-- \/ Yoast SEO plugin. -->","yoast_head_json":{"title":"Refresher 60Plus Kurs - Seniordrive","robots":{"index":"index","follow":"follow","max-snippet":"max-snippet:-1","max-image-preview":"max-image-preview:large","max-video-preview":"max-video-preview:-1"},"canonical":"https:\/\/seniordrive.ch\/formazione-e-formazione-continua\/refresher-60plus-kurs\/","og_locale":"it_IT","og_type":"article","og_title":"Refresher 60Plus Kurs - Seniordrive","og_description":"[vc_row][vc_column][vc_custom_heading text=&#8221;Refresher 60Plus Kurs&#8221; font_container=&#8221;tag:h1|font_size:60|text_align:center&#8221; use_theme_fonts=&#8221;yes&#8221;][\/vc_column][\/vc_row][vc_row][vc_column][vc_column_text font_size=&#8221;21&#8243; line_height=&#8221;1.2em&#8221;]Questo corso \u00e8 destinato ai conducenti della categoria B che hanno raggiunto o superato i 60 anni di et\u00e0 e desiderano migliorare specificamente le loro competenze di guida. Per garantire che tu possa guidare il tuo veicolo in modo sicuro nel traffico stradale, sia per te che per gli altri utenti della strada, [&hellip;]","og_url":"https:\/\/seniordrive.ch\/formazione-e-formazione-continua\/refresher-60plus-kurs\/","og_site_name":"Seniordrive","twitter_card":"summary_large_image","twitter_misc":{"Tempo di lettura stimato":"2 minuti"},"schema":{"@context":"https:\/\/schema.org","@graph":[{"@type":"WebPage","@id":"https:\/\/seniordrive.ch\/formazione-e-formazione-continua\/refresher-60plus-kurs\/","url":"https:\/\/seniordrive.ch\/formazione-e-formazione-continua\/refresher-60plus-kurs\/","name":"Refresher 60Plus Kurs - Seniordrive","isPartOf":{"@id":"https:\/\/seniordrive.ch\/#website"},"datePublished":"2024-08-12T08:00:24+00:00","breadcrumb":{"@id":"https:\/\/seniordrive.ch\/formazione-e-formazione-continua\/refresher-60plus-kurs\/#breadcrumb"},"inLanguage":"it-IT","potentialAction":[{"@type":"ReadAction","target":["https:\/\/seniordrive.ch\/formazione-e-formazione-continua\/refresher-60plus-kurs\/"]}]},{"@type":"BreadcrumbList","@id":"https:\/\/seniordrive.ch\/formazione-e-formazione-continua\/refresher-60plus-kurs\/#breadcrumb","itemListElement":[{"@type":"ListItem","position":1,"name":"Startseite","item":"https:\/\/seniordrive.ch\/benvenuto-in-seniordrive\/"},{"@type":"ListItem","position":2,"name":"Formazione e formazione continua","item":"https:\/\/seniordrive.ch\/formazione-e-formazione-continua\/"},{"@type":"ListItem","position":3,"name":"Refresher 60Plus Kurs"}]},{"@type":"WebSite","@id":"https:\/\/seniordrive.ch\/#website","url":"https:\/\/seniordrive.ch\/","name":"Seniordrive","description":"Sicher mobil - auch im Alter","potentialAction":[{"@type":"SearchAction","target":{"@type":"EntryPoint","urlTemplate":"https:\/\/seniordrive.ch\/?s={search_term_string}"},"query-input":{"@type":"PropertyValueSpecification","valueRequired":true,"valueName":"search_term_string"}}],"inLanguage":"it-IT"}]}},"_links":{"self":[{"href":"https:\/\/seniordrive.ch\/it\/wp-json\/wp\/v2\/pages\/5540","targetHints":{"allow":["GET"]}}],"collection":[{"href":"https:\/\/seniordrive.ch\/it\/wp-json\/wp\/v2\/pages"}],"about":[{"href":"https:\/\/seniordrive.ch\/it\/wp-json\/wp\/v2\/types\/page"}],"author":[{"embeddable":true,"href":"https:\/\/seniordrive.ch\/it\/wp-json\/wp\/v2\/users\/9"}],"replies":[{"embeddable":true,"href":"https:\/\/seniordrive.ch\/it\/wp-json\/wp\/v2\/comments?post=5540"}],"version-history":[{"count":0,"href":"https:\/\/seniordrive.ch\/it\/wp-json\/wp\/v2\/pages\/5540\/revisions"}],"up":[{"embeddable":true,"href":"https:\/\/seniordrive.ch\/it\/wp-json\/wp\/v2\/pages\/5510"}],"wp:attachment":[{"href":"https:\/\/seniordrive.ch\/it\/wp-json\/wp\/v2\/media?parent=5540"}],"curies":[{"name":"wp","href":"https:\/\/api.w.org\/{rel}","templated":true}]}}