{"id":5541,"date":"2024-08-12T10:01:11","date_gmt":"2024-08-12T08:01:11","guid":{"rendered":"https:\/\/seniordrive.ch\/diventare-seniordrive-coach\/"},"modified":"2026-02-22T18:13:48","modified_gmt":"2026-02-22T17:13:48","slug":"diventare-seniordrive-coach","status":"publish","type":"page","link":"https:\/\/seniordrive.ch\/it\/diventare-seniordrive-coach\/","title":{"rendered":"Diventare Seniordrive Coach"},"content":{"rendered":"<div class=\"wpb-content-wrapper\"><p>[vc_row][vc_column][vc_custom_heading text=&#8221;Diventare Seniordrive Coach&#8221; font_container=&#8221;tag:h1|font_size:60px|text_align:center&#8221; use_theme_fonts=&#8221;yes&#8221;][\/vc_column][\/vc_row][vc_row][vc_column][vc_column_text font_size=&#8221;20&#8243; line_height=&#8221;120%&#8221;]<\/p>\n<h2><strong>La formazione per diventare Seniordrive Coach<\/strong><\/h2>\n<p><strong>Requisito:<\/strong> patente di guida categoria B.<br \/>\n<strong>Durata:<\/strong> 4,5 giorni (esame incluso)<br \/>\n<strong>Formazione continua FL Cat. B: <\/strong> La formazione \u00e8 riconosciuta dall&#8217;asa e prevede QUATTRO giorni di formazione continua, secondo le direttive dell&#8217;asa.<br \/>\n<strong>Altro: <\/strong>su richiesta \u00e8 possibile prenotare singole giornate di formazione.<br \/>\n<strong>Importante:<\/strong> Seniordrive \u00e8 un marchio protetto. In caso di uscita dall&#8217;associazione Seniordrive, decade il diritto di utilizzare tutti i titoli e i marchi commerciali relativi al marchio Seniordrive. [\/vc_column_text][vc_column_text font_size=&#8221;20px&#8221; line_height=&#8221;29px&#8221;]<\/p>\n<h3><strong>Panoramica della formazione<\/strong><\/h3>\n<ul>\n<li>Giorno 1: Conoscenze di base sulla guida in et\u00e0 avanzata. <a href=\"https:\/\/seniordrive.ch\/wp-content\/uploads\/2023\/07\/Seniordrive-Teaser-Basiswissen-zum-Fahren-im-Alter-Modul-1.pdf\" target=\"_blank\" rel=\"noopener\">Al PDF<\/a><\/li>\n<li>Giorno 2: Conoscenze di base di geriatria nel traffico stradale. <a href=\"https:\/\/seniordrive.ch\/wp-content\/uploads\/2023\/07\/Seniordrive-Teaser-Basiswissen-Geriatrie-im-Strassenverkehr-Modul-2.pdf\" target=\"_blank\" rel=\"noopener\">Al PDF<\/a><\/li>\n<li>Giorno 3: lezioni di guida con gli anziani. <a href=\"https:\/\/seniordrive.ch\/wp-content\/uploads\/2023\/07\/Seniordrive-Teaser-Fahrunterricht-mit-Senioren-Modul-3.pdf\" target=\"_blank\" rel=\"noopener\">Al PDF<\/a><\/li>\n<li>Giorno 4: Coach per anziani. <a href=\"https:\/\/seniordrive.ch\/wp-content\/uploads\/2024\/04\/20240422_Teaser-Modul-4-Seniordrive-Coach.pdf\" target=\"_blank\" rel=\"noopener\">Al PDF<\/a><\/li>\n<li>Giorno 5: Esame Seniordrive Coach. <a href=\"https:\/\/seniordrive.ch\/wp-content\/uploads\/2024\/04\/20240422_Teaser-Modul-5-Seniordrive-Coach-Diplompruefung.pdf\" target=\"_blank\" rel=\"noopener\">Al PDF<\/a><\/li>\n<\/ul>\n<p><b>Scarica il volantino: <a href=\"https:\/\/seniordrive.ch\/wp-content\/uploads\/2024\/11\/23-0027_AWB_Seniordrive_Coach-Infoflyer_A4_RZ.pdf\">Volantino<\/a><\/b><\/p>\n<h3><strong>Formazione continua obbligatoria<\/strong><\/h3>\n<p>In qualit\u00e0 di coach Seniordrive, si \u00e8 soggetti all&#8217;obbligo di formazione continua. Entro 5 anni \u00e8 necessario frequentare un corso di formazione continua della durata di un giorno. I corsi di formazione continua sono anche corsi di aggiornamento per istruttori di guida riconosciuti dall&#8217;asa e, una volta completati, vengono segnalati direttamente all&#8217;associazione.<\/p>\n<p>Bei erfu\u0308llter Weiterbildungspflicht wird ein neues Seniordrive Coach Zertifikat automatisch zugestellt. Folgende Tage sind als Seniordrive Coach Weiterbildung (+ FL Kat. B WB) anerkannt<\/p>\n<ul>\n<li>Modulo 6: Ricertificazione Seniordrive. <a href=\"https:\/\/seniordrive.ch\/wp-content\/uploads\/2026\/02\/20260107_Teaser_Tag6_Seniordrive-Coach-Rezertifizierung-vor-Ort_Italiano.pdf\" target=\"_blank\" rel=\"noopener\">Al PDF<\/a><\/li>\n<\/ul>\n<p>[\/vc_column_text][\/vc_column][\/vc_row][vc_row][vc_column][vc_column_text]<iframe id=\"edoobox_ts\" style=\"border: none; width: 100%; height: 1000px;\" src=\"https:\/\/app1.edoobox.com\/-ts\/Seniordrive-Coach%20Ausbildung?edref=ts\" name=\"edooboxFrame_ts\" frameborder=\"0\" seamless=\"\" data-scrolltop=\"\"><a href=\"https:\/\/app1.edoobox.com\/-ts\/Seniordrive-Coach%20Ausbildung?edref=ts\">Mostrare panoraminca<\/a><\/iframe><script type=\"text\/javascript\" src=\"https:\/\/cdn-app2.edoobox.com\/js\/edoobox.iframe.embedded.v2.2.6.js\"><\/script>[\/vc_column_text][\/vc_column][\/vc_row]<\/p>\n<\/div>","protected":false},"excerpt":{"rendered":"<p>[vc_row][vc_column][vc_custom_heading text=&#8221;Diventare Seniordrive Coach&#8221; font_container=&#8221;tag:h1|font_size:60px|text_align:center&#8221; use_theme_fonts=&#8221;yes&#8221;][\/vc_column][\/vc_row][vc_row][vc_column][vc_column_text font_size=&#8221;20&#8243; line_height=&#8221;120%&#8221;] La formazione per diventare Seniordrive Coach Requisito: patente di guida categoria B. Durata: 4,5 giorni (esame incluso) Formazione continua FL Cat. B: La formazione \u00e8 riconosciuta dall&#8217;asa e prevede QUATTRO giorni di formazione continua, secondo le direttive dell&#8217;asa. Altro: su richiesta \u00e8 possibile prenotare singole giornate di formazione. Importante: Seniordrive \u00e8 un [&hellip;]<\/p>\n","protected":false},"author":9,"featured_media":0,"parent":0,"menu_order":0,"comment_status":"closed","ping_status":"closed","template":"","meta":{"footnotes":""},"class_list":["post-5541","page","type-page","status-publish","hentry"],"yoast_head":"<!-- This site is optimized with the Yoast SEO plugin v25.9 - https:\/\/yoast.com\/wordpress\/plugins\/seo\/ -->\n<title>Diventare Seniordrive Coach - Seniordrive<\/title>\n<meta name=\"robots\" content=\"index, follow, max-snippet:-1, max-image-preview:large, max-video-preview:-1\" \/>\n<link rel=\"canonical\" href=\"https:\/\/seniordrive.ch\/it\/diventare-seniordrive-coach\/\" \/>\n<meta property=\"og:locale\" content=\"it_IT\" \/>\n<meta property=\"og:type\" content=\"article\" \/>\n<meta property=\"og:title\" content=\"Diventare Seniordrive Coach - Seniordrive\" \/>\n<meta property=\"og:description\" content=\"[vc_row][vc_column][vc_custom_heading text=&#8221;Diventare Seniordrive Coach&#8221; font_container=&#8221;tag:h1|font_size:60px|text_align:center&#8221; use_theme_fonts=&#8221;yes&#8221;][\/vc_column][\/vc_row][vc_row][vc_column][vc_column_text font_size=&#8221;20&#8243; line_height=&#8221;120%&#8221;] La formazione per diventare Seniordrive Coach Requisito: patente di guida categoria B. Durata: 4,5 giorni (esame incluso) Formazione continua FL Cat. B: La formazione \u00e8 riconosciuta dall&#8217;asa e prevede QUATTRO giorni di formazione continua, secondo le direttive dell&#8217;asa. Altro: su richiesta \u00e8 possibile prenotare singole giornate di formazione. Importante: Seniordrive \u00e8 un [&hellip;]\" \/>\n<meta property=\"og:url\" content=\"https:\/\/seniordrive.ch\/it\/diventare-seniordrive-coach\/\" \/>\n<meta property=\"og:site_name\" content=\"Seniordrive\" \/>\n<meta property=\"article:modified_time\" content=\"2026-02-22T17:13:48+00:00\" \/>\n<meta name=\"twitter:card\" content=\"summary_large_image\" \/>\n<meta name=\"twitter:label1\" content=\"Tempo di lettura stimato\" \/>\n\t<meta name=\"twitter:data1\" content=\"2 minuti\" \/>\n<script type=\"application\/ld+json\" class=\"yoast-schema-graph\">{\"@context\":\"https:\/\/schema.org\",\"@graph\":[{\"@type\":\"WebPage\",\"@id\":\"https:\/\/seniordrive.ch\/it\/diventare-seniordrive-coach\/\",\"url\":\"https:\/\/seniordrive.ch\/it\/diventare-seniordrive-coach\/\",\"name\":\"Diventare Seniordrive Coach - Seniordrive\",\"isPartOf\":{\"@id\":\"https:\/\/seniordrive.ch\/#website\"},\"datePublished\":\"2024-08-12T08:01:11+00:00\",\"dateModified\":\"2026-02-22T17:13:48+00:00\",\"breadcrumb\":{\"@id\":\"https:\/\/seniordrive.ch\/it\/diventare-seniordrive-coach\/#breadcrumb\"},\"inLanguage\":\"it-IT\",\"potentialAction\":[{\"@type\":\"ReadAction\",\"target\":[\"https:\/\/seniordrive.ch\/it\/diventare-seniordrive-coach\/\"]}]},{\"@type\":\"BreadcrumbList\",\"@id\":\"https:\/\/seniordrive.ch\/it\/diventare-seniordrive-coach\/#breadcrumb\",\"itemListElement\":[{\"@type\":\"ListItem\",\"position\":1,\"name\":\"Startseite\",\"item\":\"https:\/\/seniordrive.ch\/benvenuto-in-seniordrive\/\"},{\"@type\":\"ListItem\",\"position\":2,\"name\":\"Diventare Seniordrive Coach\"}]},{\"@type\":\"WebSite\",\"@id\":\"https:\/\/seniordrive.ch\/#website\",\"url\":\"https:\/\/seniordrive.ch\/\",\"name\":\"Seniordrive\",\"description\":\"Sicher mobil - auch im Alter\",\"potentialAction\":[{\"@type\":\"SearchAction\",\"target\":{\"@type\":\"EntryPoint\",\"urlTemplate\":\"https:\/\/seniordrive.ch\/?s={search_term_string}\"},\"query-input\":{\"@type\":\"PropertyValueSpecification\",\"valueRequired\":true,\"valueName\":\"search_term_string\"}}],\"inLanguage\":\"it-IT\"}]}<\/script>\n<!-- \/ Yoast SEO plugin. -->","yoast_head_json":{"title":"Diventare Seniordrive Coach - Seniordrive","robots":{"index":"index","follow":"follow","max-snippet":"max-snippet:-1","max-image-preview":"max-image-preview:large","max-video-preview":"max-video-preview:-1"},"canonical":"https:\/\/seniordrive.ch\/it\/diventare-seniordrive-coach\/","og_locale":"it_IT","og_type":"article","og_title":"Diventare Seniordrive Coach - Seniordrive","og_description":"[vc_row][vc_column][vc_custom_heading text=&#8221;Diventare Seniordrive Coach&#8221; font_container=&#8221;tag:h1|font_size:60px|text_align:center&#8221; use_theme_fonts=&#8221;yes&#8221;][\/vc_column][\/vc_row][vc_row][vc_column][vc_column_text font_size=&#8221;20&#8243; line_height=&#8221;120%&#8221;] La formazione per diventare Seniordrive Coach Requisito: patente di guida categoria B. Durata: 4,5 giorni (esame incluso) Formazione continua FL Cat. B: La formazione \u00e8 riconosciuta dall&#8217;asa e prevede QUATTRO giorni di formazione continua, secondo le direttive dell&#8217;asa. Altro: su richiesta \u00e8 possibile prenotare singole giornate di formazione. Importante: Seniordrive \u00e8 un [&hellip;]","og_url":"https:\/\/seniordrive.ch\/it\/diventare-seniordrive-coach\/","og_site_name":"Seniordrive","article_modified_time":"2026-02-22T17:13:48+00:00","twitter_card":"summary_large_image","twitter_misc":{"Tempo di lettura stimato":"2 minuti"},"schema":{"@context":"https:\/\/schema.org","@graph":[{"@type":"WebPage","@id":"https:\/\/seniordrive.ch\/it\/diventare-seniordrive-coach\/","url":"https:\/\/seniordrive.ch\/it\/diventare-seniordrive-coach\/","name":"Diventare Seniordrive Coach - Seniordrive","isPartOf":{"@id":"https:\/\/seniordrive.ch\/#website"},"datePublished":"2024-08-12T08:01:11+00:00","dateModified":"2026-02-22T17:13:48+00:00","breadcrumb":{"@id":"https:\/\/seniordrive.ch\/it\/diventare-seniordrive-coach\/#breadcrumb"},"inLanguage":"it-IT","potentialAction":[{"@type":"ReadAction","target":["https:\/\/seniordrive.ch\/it\/diventare-seniordrive-coach\/"]}]},{"@type":"BreadcrumbList","@id":"https:\/\/seniordrive.ch\/it\/diventare-seniordrive-coach\/#breadcrumb","itemListElement":[{"@type":"ListItem","position":1,"name":"Startseite","item":"https:\/\/seniordrive.ch\/benvenuto-in-seniordrive\/"},{"@type":"ListItem","position":2,"name":"Diventare Seniordrive Coach"}]},{"@type":"WebSite","@id":"https:\/\/seniordrive.ch\/#website","url":"https:\/\/seniordrive.ch\/","name":"Seniordrive","description":"Sicher mobil - auch im Alter","potentialAction":[{"@type":"SearchAction","target":{"@type":"EntryPoint","urlTemplate":"https:\/\/seniordrive.ch\/?s={search_term_string}"},"query-input":{"@type":"PropertyValueSpecification","valueRequired":true,"valueName":"search_term_string"}}],"inLanguage":"it-IT"}]}},"_links":{"self":[{"href":"https:\/\/seniordrive.ch\/it\/wp-json\/wp\/v2\/pages\/5541","targetHints":{"allow":["GET"]}}],"collection":[{"href":"https:\/\/seniordrive.ch\/it\/wp-json\/wp\/v2\/pages"}],"about":[{"href":"https:\/\/seniordrive.ch\/it\/wp-json\/wp\/v2\/types\/page"}],"author":[{"embeddable":true,"href":"https:\/\/seniordrive.ch\/it\/wp-json\/wp\/v2\/users\/9"}],"replies":[{"embeddable":true,"href":"https:\/\/seniordrive.ch\/it\/wp-json\/wp\/v2\/comments?post=5541"}],"version-history":[{"count":5,"href":"https:\/\/seniordrive.ch\/it\/wp-json\/wp\/v2\/pages\/5541\/revisions"}],"predecessor-version":[{"id":6003,"href":"https:\/\/seniordrive.ch\/it\/wp-json\/wp\/v2\/pages\/5541\/revisions\/6003"}],"wp:attachment":[{"href":"https:\/\/seniordrive.ch\/it\/wp-json\/wp\/v2\/media?parent=5541"}],"curies":[{"name":"wp","href":"https:\/\/api.w.org\/{rel}","templated":true}]}}