{"id":5543,"date":"2024-08-12T10:02:29","date_gmt":"2024-08-12T08:02:29","guid":{"rendered":"https:\/\/seniordrive.ch\/uebersicht-anzeigen\/"},"modified":"2024-08-12T10:02:29","modified_gmt":"2024-08-12T08:02:29","slug":"uebersicht-anzeigen","status":"publish","type":"page","link":"https:\/\/seniordrive.ch\/it\/uebersicht-anzeigen\/","title":{"rendered":"\u00dcbersicht anzeigen"},"content":{"rendered":"<div class=\"wpb-content-wrapper\"><p>[vc_row visibility=&#8221;hidden-xs,visible-sm,visible-md,visible-lg,visible-xlg&#8221;][vc_column][vc_custom_heading text=&#8221;\u00dcbersicht anzeigen&#8221; font_container=&#8221;tag:h1|font_size:60|text_align:center|color:%23000000&#8243; use_theme_fonts=&#8221;yes&#8221; css=&#8221;.vc_custom_1676639455287{margin-top: 0px !important;padding-top: 40px !important;}&#8221;][\/vc_column][\/vc_row][vc_row visibility=&#8221;hidden-sm,hidden-md,hidden-lg,hidden-xlg,visible-xs&#8221;][vc_column][vc_custom_heading text=&#8221;Guida sicura in et\u00e0 avanzata&#8221; font_container=&#8221;tag:h1|font_size:60|text_align:center|color:%23000000&#8243; use_theme_fonts=&#8221;yes&#8221; css=&#8221;.vc_custom_1622035584503{margin-top: 0px !important;padding-top: 40px !important;}&#8221;][\/vc_column][\/vc_row][vc_row text_color=&#8221;#000000&#8243; padding_bottom=&#8221;&#8221;][vc_column][vc_column_text text_color=&#8221;#000000&#8243;]Guidare un&#8217;auto \u00e8 consentito solo a chi possiede adeguate condizioni di salute e capacit\u00e0 di guida, cio\u00e8 idoneit\u00e0 alla guida e competenza di guida. (art. 14 della Legge federale sulla circolazione stradale LCStr).<\/p>\n<ul>\n<li>Per quanto riguarda gli aspetti di salute, il conducente pi\u00f9 anziano \u00e8 meglio consigliato dal suo medico di famiglia.<\/li>\n<li>Per tutto ci\u00f2 che riguarda la guida vera e propria, c&#8217;\u00e8 Seniordrive.<\/li>\n<\/ul>\n<p>&nbsp;<\/p>\n<p>I Seniordrive Coach sono maestri conducenti esperti che si sono formati come coach per anziani in un impegnativo corso di perfezionamento.<\/p>\n<p>Durante la consulenza di guida, il conducente esegue una guida di controllo con un coach.<\/p>\n<p>&nbsp;<\/p>\n<p><strong>Gli ingredienti sono:<\/strong><\/p>\n<ul>\n<li>Controllo della guida corretta<\/li>\n<li>Revisione sistematica delle restrizioni alla guida che spesso si verificano in et\u00e0 avanzata<\/li>\n<li>Consigli ed esercizi per una guida sicura<\/li>\n<li>Discussione delle precauzioni individuali, verbale<\/li>\n<\/ul>\n<p>&nbsp;<\/p>\n<p>Il costo equivale a circa due ore di guida.[\/vc_column_text][vc_column_text]Gli automobilisti vogliono rimanere in movimento sempre pi\u00f9 a lungo. L&#8217;auto offre indipendenza ed \u00e8 importante per alcune attivit\u00e0. Per garantire che gli automobilisti siano sicuri anche in et\u00e0 avanzata, i coach professionisti e addestrati di Seniordrive si impegnano per la sicurezza.<\/p>\n<p>Gli automobilisti pi\u00f9 anziani sono spesso sulla strada da decenni. Si sono adattati all&#8217;aumento del traffico e hanno affrontato le sfide crescenti. Con l&#8217;avanzare dell&#8217;et\u00e0, molti rinunciano a viaggi pi\u00f9 lunghi. Evitano le autostrade. Le guide in citt\u00e0 e durante certi momenti del giorno vengono evitate quando possibile. Allo stesso tempo, aumentano le malattie legate all&#8217;et\u00e0, che possono portare a una diminuzione delle capacit\u00e0 fisiche e cognitive, rendendo sempre pi\u00f9 difficile la guida. Di conseguenza, diminuisce la routine di guida e con essa la sicurezza stradale.<\/p>\n<h3><\/h3>\n<h3>Incidenti dovuti a errori comportamentali<\/h3>\n<p>Considerando le statistiche sugli incidenti, il numero di gravi lesioni personali tra i senior oltre i 65 anni \u00e8 rimasto relativamente stabile. Questo gruppo di et\u00e0 \u00e8 il pi\u00f9 a rischio. La maggior parte degli incidenti \u00e8 attribuibile a errori comportamentali. Gli anziani sopra i 65 anni hanno una quota sproporzionata di gravi collisioni dovute alla non osservanza delle precedenze o a una gestione difettosa del veicolo.<\/p>\n<p>&nbsp;<\/p>\n<h3>Nuove linee guida asa n. 19<\/h3>\n<p><a href=\"https:\/\/asa.ch\/wp-content\/uploads\/online-bibliothek\/richtlinien\/asa-RL-19a-v4_2020\/index.html\" target=\"_blank\" rel=\"noopener\"><a href=\"https:\/\/asa.ch\/wp-content\/uploads\/online-bibliothek\/richtlinien\/asa-RL-19a-v4_2020\/index.html\">Linee guida ASA 19a<\/a><\/a><\/p>\n<p><a href=\"https:\/\/asa.ch\/wp-content\/uploads\/online-bibliothek\/richtlinien\/asa-RL-19b-v4_2020\/index.html\" target=\"_blank\" rel=\"noopener\"><a href=\"https:\/\/asa.ch\/wp-content\/uploads\/online-bibliothek\/richtlinien\/asa-RL-19b-v4_2020\/index.html\">Linea guida ASA 19b<\/a><\/a><\/p>\n<p>&nbsp;<\/p>\n<h3>Modifiche legali per le valutazioni attitudinali di guida 01 luglio 2016 (Swiss Medical Journal)<\/h3>\n<p><a href=\"https:\/\/www.fahrlehrerverband.ch\/wp-content\/uploads\/2013\/01\/Neuerungen-durch-Via-sicura.pdf\" target=\"_blank\" rel=\"noopener\"><a href=\"https:\/\/www.fahrlehrerverband.ch\/wp-content\/uploads\/2013\/01\/Neuerungen-durch-Via-sicura.pdf\">Innovazioni attraverso Via sicura<\/a><\/a><\/p>\n<p>&nbsp;<\/p>\n<h3>Chiarimenti nello studio del medico di famiglia<\/h3>\n<p>Cosa \u00e8 possibile? Che cosa ha senso?<\/p>\n<p><a href=\"https:\/\/www.fahrlehrerverband.ch\/wp-content\/uploads\/2013\/01\/Fahrberater-Abkl%C3%A4rungen-in-der-Hausarztpraxis.pdf\" target=\"_blank\" rel=\"noopener\"><a href=\"https:\/\/www.fahrlehrerverband.ch\/wp-content\/uploads\/2013\/01\/Fahrberater-Abkl%C3%A4rungen-in-der-Hausarztpraxis.pdf\">Chiarimenti nello studio del medico di famiglia<\/a><\/a><\/p>\n<p>&nbsp;<\/p>\n<h3>Guida di controllo accompagnata da un medico<\/h3>\n<p>Presentazione PowerPoint del Dr. U. Grimm, Istituto di medicina legale, Ospedale cantonale di San Gallo<\/p>\n<p><a href=\"https:\/\/www.fahrlehrerverband.ch\/wp-content\/uploads\/2013\/01\/Fahrberater-%C3%A4rtzl.-Kontrollfahrt-Dr.-Grimm.pdf\" target=\"_blank\" rel=\"noopener\"><a href=\"https:\/\/www.fahrlehrerverband.ch\/wp-content\/uploads\/2013\/01\/Fahrberater-%C3%A4rtzl.-Kontrollfahrt-Dr.-Grimm.pdf\">Guida di controllo accompagnata da un medico<\/a><\/a><\/p>\n<p>&nbsp;<\/p>\n<h3>Die private Fahrerlaubnis \u2013 \u00dcberpr\u00fcfung alter und kr\u00e4nklicher Fahrer<\/h3>\n<p>Vortrag von Herrn Dr. med. Karl Seiler, 2014<\/p>\n<p><a href=\"https:\/\/www.fahrlehrerverband.ch\/wp-content\/uploads\/2013\/01\/Die-private-Fahrerlaubnis-%C3%9Cberpr%C3%BCfung-alter-und-kr%C3%A4nklicher-Fahrer.pptx\"><a href=\"https:\/\/www.fahrlehrerverband.ch\/wp-content\/uploads\/2013\/01\/Die-private-Fahrerlaubnis-%C3%9Cberpr%C3%BCfung-alter-und-kr%C3%A4nklicher-Fahrer.pptx\">Die private Fahrerlaubnis \u2013 \u00dcberpr\u00fcfung alter und kr\u00e4nklicher Fahrer<\/a><\/a><\/p>\n<p>&nbsp;<\/p>\n<h3>Der alternde Autolenker<\/h3>\n<p>Vortrag von Herrn Dr. des. Dr. scient. Med. Gianclaudio Casutt, Neuropsychologie, Universit\u00e4t Z\u00fcrich<\/p>\n<p><a href=\"https:\/\/www.fahrlehrerverband.ch\/wp-content\/uploads\/2013\/01\/Fahrberater-Vortrag-Dr.-Casutt-Der-alternde-Autolenker-8.5.2014.pdf\" target=\"_blank\" rel=\"noopener\"><a href=\"https:\/\/www.fahrlehrerverband.ch\/wp-content\/uploads\/2013\/01\/Fahrberater-Vortrag-Dr.-Casutt-Der-alternde-Autolenker-8.5.2014.pdf\">Fahrberater Vortrag, Dr. Casutt, 08.05.14<\/a><\/a><\/p>\n<p>&nbsp;<\/p>\n<p>Psychologie des \u00e4lteren Autofahrers, Tipps f\u00fcr Fahrberater<\/p>\n<p>H. Ruckstuhl, Psychologe\/Graphologe. Fortbildung Fahrberater SFV 2011<\/p>\n<p><a href=\"https:\/\/www.fahrlehrerverband.ch\/wp-content\/uploads\/2013\/01\/Fahrberater_Fortbildung_1.12.2012_Psychologie.pdf\" target=\"_blank\" rel=\"noopener\"><a href=\"https:\/\/www.fahrlehrerverband.ch\/wp-content\/uploads\/2013\/01\/Fahrberater_Fortbildung_1.12.2012_Psychologie.pdf\">Psychologie des \u00e4lteren Autofahrers, Tipps f\u00fcr Fahrberater<\/a><\/a><\/p>\n<p>&nbsp;<\/p>\n<h3>Filmati:<\/h3>\n<p>Umstrittene Kontrollen f\u00fcr Senioren am Steuer (08:36 Min.)<\/p>\n<p><a href=\"https:\/\/www.srf.ch\/news\/regional\/aargau-solothurn\/umstrittene-kontrollen-fuer-senioren-am-steuer\" target=\"_blank\" rel=\"noopener\">Vai al filmato<\/a><\/p>\n<p>&nbsp;<\/p>\n<h3>Ulteriori link<\/h3>\n<p><a href=\"https:\/\/seniordrive.ch\/wp-content\/uploads\/2022\/01\/AXA_Mobilitaetsumfrage_2018.pdf\" target=\"_blank\" rel=\"noopener\">Sondaggio sulla mobilit\u00e0 di axa 2018<\/a><\/p>\n<p><a href=\"https:\/\/seniordrive.ch\/wp-content\/uploads\/2022\/01\/AXA_-Senioren-schaetzen-sich-selber-kaum-als-Risiko-im-Verkehr-ein.pdf\" target=\"_blank\" rel=\"noopener\">Gli anziani difficilmente si considerano un rischio nel traffico<\/a><\/p>\n<p><a href=\"https:\/\/seniordrive.ch\/wp-content\/uploads\/2022\/01\/Unfallforschung-und-Praevention-2017-1.pdf\" target=\"_blank\" rel=\"noopener\">Ricerca e prevenzione degli infortuni da parte di axa<\/a>[\/vc_column_text][vc_empty_space height=&#8221;60px&#8221;]<a class=\"btn btn-primary btn-lg\" href=\"https:\/\/seniordrive.ch\/seniordrive-coach-finden\/\">Trovare un Seniordrive Coach<\/a>[vc_empty_space height=&#8221;60px&#8221;][\/vc_column][\/vc_row][vc_row gap=&#8221;35&#8243; content_placement=&#8221;middle&#8221; text_color=&#8221;#000000&#8243; visibility=&#8221;hidden-xs,hidden-sm,hidden-md,hidden-lg,hidden-xlg,visible-xs,visible-sm,visible-md,visible-lg,visible-xlg&#8221;][vc_column width=&#8221;1\/4&#8243;]<a class=\"btn btn-primary btn-lg\" href=\"https:\/\/seniordrive.ch\/wp-content\/uploads\/2022\/12\/Mitgliederliste-Homepage-2022.pdf\">Lista dei membri<\/a>[\/vc_column][vc_column width=&#8221;1\/4&#8243;][\/vc_column][vc_column width=&#8221;1\/4&#8243;][\/vc_column][\/vc_row][vc_row type=&#8221;image&#8221; bg_position=&#8221;center&#8221; enable_parallax=&#8221;false&#8221; fixed_height=&#8221;250&#8243; bg_image=&#8221;3658&#8243;][vc_column][\/vc_column][\/vc_row]<\/p>\n<\/div>","protected":false},"excerpt":{"rendered":"<p>[vc_row visibility=&#8221;hidden-xs,visible-sm,visible-md,visible-lg,visible-xlg&#8221;][vc_column][vc_custom_heading text=&#8221;\u00dcbersicht anzeigen&#8221; font_container=&#8221;tag:h1|font_size:60|text_align:center|color:%23000000&#8243; use_theme_fonts=&#8221;yes&#8221; css=&#8221;.vc_custom_1676639455287{margin-top: 0px !important;padding-top: 40px !important;}&#8221;][\/vc_column][\/vc_row][vc_row visibility=&#8221;hidden-sm,hidden-md,hidden-lg,hidden-xlg,visible-xs&#8221;][vc_column][vc_custom_heading text=&#8221;Guida sicura in et\u00e0 avanzata&#8221; font_container=&#8221;tag:h1|font_size:60|text_align:center|color:%23000000&#8243; use_theme_fonts=&#8221;yes&#8221; css=&#8221;.vc_custom_1622035584503{margin-top: 0px !important;padding-top: 40px !important;}&#8221;][\/vc_column][\/vc_row][vc_row text_color=&#8221;#000000&#8243; padding_bottom=&#8221;&#8221;][vc_column][vc_column_text text_color=&#8221;#000000&#8243;]Guidare un&#8217;auto \u00e8 consentito solo a chi possiede adeguate condizioni di salute e capacit\u00e0 di guida, cio\u00e8 idoneit\u00e0 alla guida e competenza di guida. (art. 14 della Legge federale sulla circolazione stradale LCStr). Per [&hellip;]<\/p>\n","protected":false},"author":1,"featured_media":0,"parent":0,"menu_order":0,"comment_status":"closed","ping_status":"closed","template":"","meta":{"footnotes":""},"class_list":["post-5543","page","type-page","status-publish","hentry"],"yoast_head":"<!-- This site is optimized with the Yoast SEO plugin v25.9 - https:\/\/yoast.com\/wordpress\/plugins\/seo\/ -->\n<title>\u00dcbersicht anzeigen - Seniordrive<\/title>\n<meta name=\"robots\" content=\"index, follow, max-snippet:-1, max-image-preview:large, max-video-preview:-1\" \/>\n<link rel=\"canonical\" href=\"https:\/\/seniordrive.ch\/uebersicht-anzeigen\/\" \/>\n<meta property=\"og:locale\" content=\"it_IT\" \/>\n<meta property=\"og:type\" content=\"article\" \/>\n<meta property=\"og:title\" content=\"\u00dcbersicht anzeigen - Seniordrive\" \/>\n<meta property=\"og:description\" content=\"[vc_row visibility=&#8221;hidden-xs,visible-sm,visible-md,visible-lg,visible-xlg&#8221;][vc_column][vc_custom_heading text=&#8221;\u00dcbersicht anzeigen&#8221; font_container=&#8221;tag:h1|font_size:60|text_align:center|color:%23000000&#8243; use_theme_fonts=&#8221;yes&#8221; css=&#8221;.vc_custom_1676639455287{margin-top: 0px !important;padding-top: 40px !important;}&#8221;][\/vc_column][\/vc_row][vc_row visibility=&#8221;hidden-sm,hidden-md,hidden-lg,hidden-xlg,visible-xs&#8221;][vc_column][vc_custom_heading text=&#8221;Guida sicura in et\u00e0 avanzata&#8221; font_container=&#8221;tag:h1|font_size:60|text_align:center|color:%23000000&#8243; use_theme_fonts=&#8221;yes&#8221; css=&#8221;.vc_custom_1622035584503{margin-top: 0px !important;padding-top: 40px !important;}&#8221;][\/vc_column][\/vc_row][vc_row text_color=&#8221;#000000&#8243; padding_bottom=&#8221;&#8221;][vc_column][vc_column_text text_color=&#8221;#000000&#8243;]Guidare un&#8217;auto \u00e8 consentito solo a chi possiede adeguate condizioni di salute e capacit\u00e0 di guida, cio\u00e8 idoneit\u00e0 alla guida e competenza di guida. (art. 14 della Legge federale sulla circolazione stradale LCStr). Per [&hellip;]\" \/>\n<meta property=\"og:url\" content=\"https:\/\/seniordrive.ch\/uebersicht-anzeigen\/\" \/>\n<meta property=\"og:site_name\" content=\"Seniordrive\" \/>\n<meta name=\"twitter:card\" content=\"summary_large_image\" \/>\n<meta name=\"twitter:label1\" content=\"Tempo di lettura stimato\" \/>\n\t<meta name=\"twitter:data1\" content=\"4 minuti\" \/>\n<script type=\"application\/ld+json\" class=\"yoast-schema-graph\">{\"@context\":\"https:\/\/schema.org\",\"@graph\":[{\"@type\":\"WebPage\",\"@id\":\"https:\/\/seniordrive.ch\/uebersicht-anzeigen\/\",\"url\":\"https:\/\/seniordrive.ch\/uebersicht-anzeigen\/\",\"name\":\"\u00dcbersicht anzeigen - Seniordrive\",\"isPartOf\":{\"@id\":\"https:\/\/seniordrive.ch\/#website\"},\"datePublished\":\"2024-08-12T08:02:29+00:00\",\"breadcrumb\":{\"@id\":\"https:\/\/seniordrive.ch\/uebersicht-anzeigen\/#breadcrumb\"},\"inLanguage\":\"it-IT\",\"potentialAction\":[{\"@type\":\"ReadAction\",\"target\":[\"https:\/\/seniordrive.ch\/uebersicht-anzeigen\/\"]}]},{\"@type\":\"BreadcrumbList\",\"@id\":\"https:\/\/seniordrive.ch\/uebersicht-anzeigen\/#breadcrumb\",\"itemListElement\":[{\"@type\":\"ListItem\",\"position\":1,\"name\":\"Startseite\",\"item\":\"https:\/\/seniordrive.ch\/benvenuto-in-seniordrive\/\"},{\"@type\":\"ListItem\",\"position\":2,\"name\":\"\u00dcbersicht anzeigen\"}]},{\"@type\":\"WebSite\",\"@id\":\"https:\/\/seniordrive.ch\/#website\",\"url\":\"https:\/\/seniordrive.ch\/\",\"name\":\"Seniordrive\",\"description\":\"Sicher mobil - auch im Alter\",\"potentialAction\":[{\"@type\":\"SearchAction\",\"target\":{\"@type\":\"EntryPoint\",\"urlTemplate\":\"https:\/\/seniordrive.ch\/?s={search_term_string}\"},\"query-input\":{\"@type\":\"PropertyValueSpecification\",\"valueRequired\":true,\"valueName\":\"search_term_string\"}}],\"inLanguage\":\"it-IT\"}]}<\/script>\n<!-- \/ Yoast SEO plugin. -->","yoast_head_json":{"title":"\u00dcbersicht anzeigen - Seniordrive","robots":{"index":"index","follow":"follow","max-snippet":"max-snippet:-1","max-image-preview":"max-image-preview:large","max-video-preview":"max-video-preview:-1"},"canonical":"https:\/\/seniordrive.ch\/uebersicht-anzeigen\/","og_locale":"it_IT","og_type":"article","og_title":"\u00dcbersicht anzeigen - Seniordrive","og_description":"[vc_row visibility=&#8221;hidden-xs,visible-sm,visible-md,visible-lg,visible-xlg&#8221;][vc_column][vc_custom_heading text=&#8221;\u00dcbersicht anzeigen&#8221; font_container=&#8221;tag:h1|font_size:60|text_align:center|color:%23000000&#8243; use_theme_fonts=&#8221;yes&#8221; css=&#8221;.vc_custom_1676639455287{margin-top: 0px !important;padding-top: 40px !important;}&#8221;][\/vc_column][\/vc_row][vc_row visibility=&#8221;hidden-sm,hidden-md,hidden-lg,hidden-xlg,visible-xs&#8221;][vc_column][vc_custom_heading text=&#8221;Guida sicura in et\u00e0 avanzata&#8221; font_container=&#8221;tag:h1|font_size:60|text_align:center|color:%23000000&#8243; use_theme_fonts=&#8221;yes&#8221; css=&#8221;.vc_custom_1622035584503{margin-top: 0px !important;padding-top: 40px !important;}&#8221;][\/vc_column][\/vc_row][vc_row text_color=&#8221;#000000&#8243; padding_bottom=&#8221;&#8221;][vc_column][vc_column_text text_color=&#8221;#000000&#8243;]Guidare un&#8217;auto \u00e8 consentito solo a chi possiede adeguate condizioni di salute e capacit\u00e0 di guida, cio\u00e8 idoneit\u00e0 alla guida e competenza di guida. (art. 14 della Legge federale sulla circolazione stradale LCStr). Per [&hellip;]","og_url":"https:\/\/seniordrive.ch\/uebersicht-anzeigen\/","og_site_name":"Seniordrive","twitter_card":"summary_large_image","twitter_misc":{"Tempo di lettura stimato":"4 minuti"},"schema":{"@context":"https:\/\/schema.org","@graph":[{"@type":"WebPage","@id":"https:\/\/seniordrive.ch\/uebersicht-anzeigen\/","url":"https:\/\/seniordrive.ch\/uebersicht-anzeigen\/","name":"\u00dcbersicht anzeigen - Seniordrive","isPartOf":{"@id":"https:\/\/seniordrive.ch\/#website"},"datePublished":"2024-08-12T08:02:29+00:00","breadcrumb":{"@id":"https:\/\/seniordrive.ch\/uebersicht-anzeigen\/#breadcrumb"},"inLanguage":"it-IT","potentialAction":[{"@type":"ReadAction","target":["https:\/\/seniordrive.ch\/uebersicht-anzeigen\/"]}]},{"@type":"BreadcrumbList","@id":"https:\/\/seniordrive.ch\/uebersicht-anzeigen\/#breadcrumb","itemListElement":[{"@type":"ListItem","position":1,"name":"Startseite","item":"https:\/\/seniordrive.ch\/benvenuto-in-seniordrive\/"},{"@type":"ListItem","position":2,"name":"\u00dcbersicht anzeigen"}]},{"@type":"WebSite","@id":"https:\/\/seniordrive.ch\/#website","url":"https:\/\/seniordrive.ch\/","name":"Seniordrive","description":"Sicher mobil - auch im Alter","potentialAction":[{"@type":"SearchAction","target":{"@type":"EntryPoint","urlTemplate":"https:\/\/seniordrive.ch\/?s={search_term_string}"},"query-input":{"@type":"PropertyValueSpecification","valueRequired":true,"valueName":"search_term_string"}}],"inLanguage":"it-IT"}]}},"_links":{"self":[{"href":"https:\/\/seniordrive.ch\/it\/wp-json\/wp\/v2\/pages\/5543","targetHints":{"allow":["GET"]}}],"collection":[{"href":"https:\/\/seniordrive.ch\/it\/wp-json\/wp\/v2\/pages"}],"about":[{"href":"https:\/\/seniordrive.ch\/it\/wp-json\/wp\/v2\/types\/page"}],"author":[{"embeddable":true,"href":"https:\/\/seniordrive.ch\/it\/wp-json\/wp\/v2\/users\/1"}],"replies":[{"embeddable":true,"href":"https:\/\/seniordrive.ch\/it\/wp-json\/wp\/v2\/comments?post=5543"}],"version-history":[{"count":0,"href":"https:\/\/seniordrive.ch\/it\/wp-json\/wp\/v2\/pages\/5543\/revisions"}],"wp:attachment":[{"href":"https:\/\/seniordrive.ch\/it\/wp-json\/wp\/v2\/media?parent=5543"}],"curies":[{"name":"wp","href":"https:\/\/api.w.org\/{rel}","templated":true}]}}